{"id":1000,"date":"2016-06-22T10:47:23","date_gmt":"2016-06-22T08:47:23","guid":{"rendered":"https:\/\/atevasl.com\/site\/es\/ortopedia\/"},"modified":"2017-01-26T12:02:56","modified_gmt":"2017-01-26T10:02:56","slug":"ortopedia","status":"publish","type":"page","link":"https:\/\/atevasl.com\/es\/ortopedia\/","title":{"rendered":"Ortopedia"},"content":{"rendered":"\n<style type=\"text\/css\" data-created_by=\"avia_inline_auto\" id=\"style-css-av-av_section-91ef1f1de5979bc14436007dc2fac7df\">\n.avia-section.av-av_section-91ef1f1de5979bc14436007dc2fac7df{\nbackground-repeat:no-repeat;\nbackground-image:url(https:\/\/atevasl.com\/wp-content\/uploads\/2016\/06\/orto.jpg);\nbackground-position:50% 100%;\nbackground-attachment:scroll;\n}\n<\/style>\n<div id='solucions'  class='avia-section av-av_section-91ef1f1de5979bc14436007dc2fac7df main_color avia-section-default avia-no-shadow  avia-builder-el-0  el_before_av_one_full  avia-builder-el-first  avia-bg-style-scroll container_wrap sidebar_right'  data-section-bg-repeat='no-repeat'><div class='container av-section-cont-open' ><main  role=\"main\" itemprop=\"mainContentOfPage\"  class='template-page content  av-content-small alpha units'><div class='post-entry post-entry-type-page post-entry-1000'><div class='entry-content-wrapper clearfix'>\n<section  class='av_textblock_section av-av_textblock-0366cc7376be6c9e82a3e9cc8987b64f '   itemscope=\"itemscope\" itemtype=\"https:\/\/schema.org\/CreativeWork\" ><div class='avia_textblock'  itemprop=\"text\" ><h2 style=\"text-align: center;\">Ortopedia<\/h2>\n<\/div><\/section>\n<section  class='av_textblock_section av-av_textblock-0366cc7376be6c9e82a3e9cc8987b64f '   itemscope=\"itemscope\" itemtype=\"https:\/\/schema.org\/CreativeWork\" ><div class='avia_textblock'  itemprop=\"text\" ><p style=\"color: #034774; text-align: center; font-size: 15px;\"><strong>ATEVA, ofrece tambi\u00e9n productos de ayudas t\u00e9cnicas para mayores y personas con discapacidad.<br \/>\nArt\u00edculos ortop\u00e9dicos para discapacitados y veh\u00edculos el\u00e9ctricos.<\/strong><\/p>\n<\/div><\/section>\n<\/div><\/div><\/main><!-- close content main element --><\/div><\/div><div id='after_section_1'  class='main_color av_default_container_wrap container_wrap sidebar_right'  ><div class='container av-section-cont-open' ><div class='template-page content  av-content-small alpha units'><div class='post-entry post-entry-type-page post-entry-1000'><div class='entry-content-wrapper clearfix'>\n\n<style type=\"text\/css\" data-created_by=\"avia_inline_auto\" id=\"style-css-av-av_one_full-6126cab7d8fab8d08143dd2dacdf673c\">\n.flex_column.av-av_one_full-6126cab7d8fab8d08143dd2dacdf673c{\nborder-radius:0px 0px 0px 0px;\npadding:0px 0px 0px 0px;\n}\n<\/style>\n<div  class='flex_column av-av_one_full-6126cab7d8fab8d08143dd2dacdf673c av_one_full  avia-builder-el-3  el_after_av_section  avia-builder-el-no-sibling  first flex_column_div av-zero-column-padding  '     ><div  id=\"av-sc-portfolio-1\"  class=' grid-sort-container isotope   no_margin-container with-excerpt-container grid-total-even grid-col-4 grid-links-' data-portfolio-id='1'><div data-ajax-id='1076' class=' grid-entry flex_column isotope-item all_sort no_margin post-entry post-entry-1076 grid-entry-overview grid-loop-1 grid-parity-odd  ortopedia-es_sort  av_one_fourth first default_av_fullwidth '><article class='main_color inner-entry'  itemscope=\"itemscope\" itemtype=\"https:\/\/schema.org\/CreativeWork\" ><a href=\"https:\/\/atevasl.com\/es\/productes\/invacare-asteria-p409\/\" title='Invacare Asteria P409'  data-rel='grid-1' class='grid-image avia-hover-fx'> <img decoding=\"async\" fetchpriority=\"high\" width=\"260\" height=\"185\" src=\"https:\/\/atevasl.com\/wp-content\/uploads\/2016\/07\/invacare-asteria-260x185.jpeg\" class=\"wp-image-471 avia-img-lazy-loading-not-471 attachment-portfolio_small size-portfolio_small wp-post-image\" alt=\"\" \/><\/a><div class='grid-content'><div class='avia-arrow'><\/div><header class=\"entry-content-header\"><h3 class='grid-entry-title entry-title '  itemprop=\"headline\" ><a href='https:\/\/atevasl.com\/es\/productes\/invacare-asteria-p409\/' title='Invacare Asteria P409'>Invacare Asteria P409<\/a><\/h3><\/header><\/div><footer class=\"entry-footer\"><\/footer><\/article><\/div><div data-ajax-id='1081' class=' grid-entry flex_column isotope-item all_sort no_margin post-entry post-entry-1081 grid-entry-overview grid-loop-2 grid-parity-even  post-entry-last  ortopedia-es_sort  av_one_fourth  default_av_fullwidth '><article class='main_color inner-entry'  itemscope=\"itemscope\" itemtype=\"https:\/\/schema.org\/CreativeWork\" ><a href=\"https:\/\/atevasl.com\/es\/productes\/invacare-comet\/\" title='Invacare Comet'  data-rel='grid-1' class='grid-image avia-hover-fx'> <img decoding=\"async\" fetchpriority=\"high\" width=\"260\" height=\"185\" src=\"https:\/\/atevasl.com\/wp-content\/uploads\/2016\/06\/cadiraelectrica-260x185.jpg\" class=\"wp-image-468 avia-img-lazy-loading-not-468 attachment-portfolio_small size-portfolio_small wp-post-image\" alt=\"\" \/><\/a><div class='grid-content'><div class='avia-arrow'><\/div><header class=\"entry-content-header\"><h3 class='grid-entry-title entry-title '  itemprop=\"headline\" ><a href='https:\/\/atevasl.com\/es\/productes\/invacare-comet\/' title='Invacare Comet'>Invacare Comet<\/a><\/h3><\/header><\/div><footer class=\"entry-footer\"><\/footer><\/article><\/div><\/div><\/div>\n","protected":false},"excerpt":{"rendered":"","protected":false},"author":2,"featured_media":0,"parent":0,"menu_order":0,"comment_status":"closed","ping_status":"closed","template":"","meta":{"footnotes":""},"class_list":["post-1000","page","type-page","status-publish","hentry"],"yoast_head":"<!-- This site is optimized with the Yoast SEO plugin v26.9 - https:\/\/yoast.com\/product\/yoast-seo-wordpress\/ -->\n<title>Ortopedia - Ateva<\/title>\n<meta name=\"robots\" content=\"index, follow, max-snippet:-1, max-image-preview:large, max-video-preview:-1\" \/>\n<link rel=\"canonical\" href=\"https:\/\/atevasl.com\/es\/ortopedia\/\" \/>\n<meta property=\"og:locale\" content=\"es_ES\" \/>\n<meta property=\"og:type\" content=\"article\" \/>\n<meta property=\"og:title\" content=\"Ortopedia - Ateva\" \/>\n<meta property=\"og:url\" content=\"https:\/\/atevasl.com\/es\/ortopedia\/\" \/>\n<meta property=\"og:site_name\" content=\"Ateva\" \/>\n<meta property=\"article:modified_time\" content=\"2017-01-26T10:02:56+00:00\" \/>\n<meta name=\"twitter:card\" content=\"summary_large_image\" \/>\n<meta name=\"twitter:label1\" content=\"Tiempo de lectura\" \/>\n\t<meta name=\"twitter:data1\" content=\"1 minuto\" \/>\n<script type=\"application\/ld+json\" class=\"yoast-schema-graph\">{\"@context\":\"https:\/\/schema.org\",\"@graph\":[{\"@type\":\"WebPage\",\"@id\":\"https:\/\/atevasl.com\/es\/ortopedia\/\",\"url\":\"https:\/\/atevasl.com\/es\/ortopedia\/\",\"name\":\"Ortopedia - Ateva\",\"isPartOf\":{\"@id\":\"https:\/\/atevasl.com\/#website\"},\"datePublished\":\"2016-06-22T08:47:23+00:00\",\"dateModified\":\"2017-01-26T10:02:56+00:00\",\"breadcrumb\":{\"@id\":\"https:\/\/atevasl.com\/es\/ortopedia\/#breadcrumb\"},\"inLanguage\":\"es\",\"potentialAction\":[{\"@type\":\"ReadAction\",\"target\":[\"https:\/\/atevasl.com\/es\/ortopedia\/\"]}]},{\"@type\":\"BreadcrumbList\",\"@id\":\"https:\/\/atevasl.com\/es\/ortopedia\/#breadcrumb\",\"itemListElement\":[{\"@type\":\"ListItem\",\"position\":1,\"name\":\"Inici\",\"item\":\"https:\/\/atevasl.com\/es\/\"},{\"@type\":\"ListItem\",\"position\":2,\"name\":\"Ortopedia\"}]},{\"@type\":\"WebSite\",\"@id\":\"https:\/\/atevasl.com\/#website\",\"url\":\"https:\/\/atevasl.com\/\",\"name\":\"Ateva\",\"description\":\"Adaptaciones t\u00e9cnicas de veh\u00edculos - Grup Olivan\",\"potentialAction\":[{\"@type\":\"SearchAction\",\"target\":{\"@type\":\"EntryPoint\",\"urlTemplate\":\"https:\/\/atevasl.com\/?s={search_term_string}\"},\"query-input\":{\"@type\":\"PropertyValueSpecification\",\"valueRequired\":true,\"valueName\":\"search_term_string\"}}],\"inLanguage\":\"es\"}]}<\/script>\n<!-- \/ Yoast SEO plugin. -->","yoast_head_json":{"title":"Ortopedia - Ateva","robots":{"index":"index","follow":"follow","max-snippet":"max-snippet:-1","max-image-preview":"max-image-preview:large","max-video-preview":"max-video-preview:-1"},"canonical":"https:\/\/atevasl.com\/es\/ortopedia\/","og_locale":"es_ES","og_type":"article","og_title":"Ortopedia - Ateva","og_url":"https:\/\/atevasl.com\/es\/ortopedia\/","og_site_name":"Ateva","article_modified_time":"2017-01-26T10:02:56+00:00","twitter_card":"summary_large_image","twitter_misc":{"Tiempo de lectura":"1 minuto"},"schema":{"@context":"https:\/\/schema.org","@graph":[{"@type":"WebPage","@id":"https:\/\/atevasl.com\/es\/ortopedia\/","url":"https:\/\/atevasl.com\/es\/ortopedia\/","name":"Ortopedia - Ateva","isPartOf":{"@id":"https:\/\/atevasl.com\/#website"},"datePublished":"2016-06-22T08:47:23+00:00","dateModified":"2017-01-26T10:02:56+00:00","breadcrumb":{"@id":"https:\/\/atevasl.com\/es\/ortopedia\/#breadcrumb"},"inLanguage":"es","potentialAction":[{"@type":"ReadAction","target":["https:\/\/atevasl.com\/es\/ortopedia\/"]}]},{"@type":"BreadcrumbList","@id":"https:\/\/atevasl.com\/es\/ortopedia\/#breadcrumb","itemListElement":[{"@type":"ListItem","position":1,"name":"Inici","item":"https:\/\/atevasl.com\/es\/"},{"@type":"ListItem","position":2,"name":"Ortopedia"}]},{"@type":"WebSite","@id":"https:\/\/atevasl.com\/#website","url":"https:\/\/atevasl.com\/","name":"Ateva","description":"Adaptaciones t\u00e9cnicas de veh\u00edculos - Grup Olivan","potentialAction":[{"@type":"SearchAction","target":{"@type":"EntryPoint","urlTemplate":"https:\/\/atevasl.com\/?s={search_term_string}"},"query-input":{"@type":"PropertyValueSpecification","valueRequired":true,"valueName":"search_term_string"}}],"inLanguage":"es"}]}},"_links":{"self":[{"href":"https:\/\/atevasl.com\/es\/wp-json\/wp\/v2\/pages\/1000","targetHints":{"allow":["GET"]}}],"collection":[{"href":"https:\/\/atevasl.com\/es\/wp-json\/wp\/v2\/pages"}],"about":[{"href":"https:\/\/atevasl.com\/es\/wp-json\/wp\/v2\/types\/page"}],"author":[{"embeddable":true,"href":"https:\/\/atevasl.com\/es\/wp-json\/wp\/v2\/users\/2"}],"replies":[{"embeddable":true,"href":"https:\/\/atevasl.com\/es\/wp-json\/wp\/v2\/comments?post=1000"}],"version-history":[{"count":0,"href":"https:\/\/atevasl.com\/es\/wp-json\/wp\/v2\/pages\/1000\/revisions"}],"wp:attachment":[{"href":"https:\/\/atevasl.com\/es\/wp-json\/wp\/v2\/media?parent=1000"}],"curies":[{"name":"wp","href":"https:\/\/api.w.org\/{rel}","templated":true}]}}