{"id":1002,"date":"2016-06-22T10:46:39","date_gmt":"2016-06-22T08:46:39","guid":{"rendered":"https:\/\/atevasl.com\/site\/es\/empresa\/"},"modified":"2017-08-18T13:43:35","modified_gmt":"2017-08-18T11:43:35","slug":"empresa","status":"publish","type":"page","link":"https:\/\/atevasl.com\/es\/empresa\/","title":{"rendered":"Empresa"},"content":{"rendered":"\n<style type=\"text\/css\" data-created_by=\"avia_inline_auto\" id=\"style-css-av-av_one_full-6126cab7d8fab8d08143dd2dacdf673c\">\n.flex_column.av-av_one_full-6126cab7d8fab8d08143dd2dacdf673c{\nborder-radius:0px 0px 0px 0px;\npadding:0px 0px 0px 0px;\n}\n<\/style>\n<div  class='flex_column av-av_one_full-6126cab7d8fab8d08143dd2dacdf673c av_one_full  avia-builder-el-0  el_before_av_three_fifth  avia-builder-el-first  first flex_column_div av-zero-column-padding  '     ><article  class='iconbox iconbox_left av-av_icon_box-d51cfba6a25000da58030c182301f93a  avia-builder-el-1  avia-builder-el-no-sibling '  itemscope=\"itemscope\" itemtype=\"https:\/\/schema.org\/CreativeWork\" ><div class=\"iconbox_content\"><header class=\"entry-content-header\"><div class=\"iconbox_icon heading-color\" aria-hidden='true' data-av_icon='\ue8bb' data-av_iconfont='entypo-fontello'><\/div><h3 class='iconbox_content_title '  itemprop=\"headline\" >Empresa<\/h3><\/header><div class='iconbox_content_container '  itemprop=\"text\" ><\/div><\/div><footer class=\"entry-footer\"><\/footer><\/article><\/div>\n\n<style type=\"text\/css\" data-created_by=\"avia_inline_auto\" id=\"style-css-av-av_three_fifth-6b764e1c048c06e7b7d8594ba04b36e5\">\n#top .flex_column.av-av_three_fifth-6b764e1c048c06e7b7d8594ba04b36e5{\nmargin-top:0px;\nmargin-bottom:40px;\n}\n.flex_column.av-av_three_fifth-6b764e1c048c06e7b7d8594ba04b36e5{\nborder-radius:0px 0px 0px 0px;\npadding:0px 0px 0px 0px;\n}\n.responsive #top #wrap_all .flex_column.av-av_three_fifth-6b764e1c048c06e7b7d8594ba04b36e5{\nmargin-top:0px;\nmargin-bottom:40px;\n}\n<\/style>\n<div  class='flex_column av-av_three_fifth-6b764e1c048c06e7b7d8594ba04b36e5 av_three_fifth  avia-builder-el-2  el_after_av_one_full  el_before_av_two_fifth  first flex_column_div av-zero-column-padding  column-top-margin'     ><section  class='av_textblock_section av-av_textblock-0366cc7376be6c9e82a3e9cc8987b64f '   itemscope=\"itemscope\" itemtype=\"https:\/\/schema.org\/CreativeWork\" ><div class='avia_textblock'  itemprop=\"text\" ><p style=\"text-align: justify;\"><strong>ATEVA\u00a0<\/strong>se fund\u00f3 en el a\u00f1o 1994 a partir de la <strong>larga experiencia<\/strong> de dos empresas: una carrocera y una ortop\u00e9dica que se fusionaron para <strong>dedicarse exclusivamente a las adaptaciones de veh\u00edculos autom\u00f3viles para personas discapacitadas i de movilidad reducida<\/strong>.<\/p>\n<p style=\"text-align: justify;\">La constante dedicaci\u00f3n a esta especialidad y las muchas soluciones aplicadas a las m\u00e1s variadas necesidades, han dado a <strong>ATEVA<\/strong> un amplio saber hacer, que lleg\u00f3 a una <strong>oferta completa en ayudas para la conducci\u00f3n, acceso y transporte de este colectivo<\/strong>.\u00a0Hoy, <strong>ATEVA es una empresa que es distinge por:<\/strong><\/p>\n<ul>\n<li><em>Soluciones innovadores<\/em><\/li>\n<li><em>Tecnologia punta<\/em><\/li>\n<li><em>Calidad de producto y servicio<\/em><\/li>\n<li><em>Posibilidades de personalizaci\u00f3n<\/em><\/li>\n<\/ul>\n<p style=\"text-align: justify;\"><strong>ATEVA<\/strong> est\u00e1 fuertemente orientada hacia estos principios, consiguiendo las mejores soluciones para optimizar la calidad de vida y la autonom\u00eda personal de nuestros clientes.<\/p>\n<\/div><\/section><\/div>\n<style type=\"text\/css\" data-created_by=\"avia_inline_auto\" id=\"style-css-av-av_two_fifth-531d5d4d3d3a74d4c56d8363993d8877\">\n#top .flex_column.av-av_two_fifth-531d5d4d3d3a74d4c56d8363993d8877{\nmargin-top:0px;\nmargin-bottom:40px;\n}\n.flex_column.av-av_two_fifth-531d5d4d3d3a74d4c56d8363993d8877{\nborder-radius:0px 0px 0px 0px;\npadding:0px 0px 0px 0px;\n}\n.responsive #top #wrap_all .flex_column.av-av_two_fifth-531d5d4d3d3a74d4c56d8363993d8877{\nmargin-top:0px;\nmargin-bottom:40px;\n}\n<\/style>\n<div  class='flex_column av-av_two_fifth-531d5d4d3d3a74d4c56d8363993d8877 av_two_fifth  avia-builder-el-4  el_after_av_three_fifth  el_before_av_one_full  flex_column_div av-zero-column-padding  column-top-margin'     ><style type=\"text\/css\" data-created_by=\"avia_inline_auto\" id=\"style-css-av-av_image-fbda5ff57cd3d299ed8b7e8f4d3e8b16\">\n.avia-image-container.av-av_image-fbda5ff57cd3d299ed8b7e8f4d3e8b16 img.avia_image{\nbox-shadow:none;\n}\n.avia-image-container.av-av_image-fbda5ff57cd3d299ed8b7e8f4d3e8b16 .av-image-caption-overlay-center{\ncolor:#ffffff;\n}\n<\/style>\n<div  class='avia-image-container av-av_image-fbda5ff57cd3d299ed8b7e8f4d3e8b16 av-styling- avia-align-center  avia-builder-el-5  avia-builder-el-no-sibling '   itemprop=\"image\" itemscope=\"itemscope\" itemtype=\"https:\/\/schema.org\/ImageObject\" ><div class=\"avia-image-container-inner\"><div class=\"avia-image-overlay-wrap\"><img decoding=\"async\" fetchpriority=\"high\" class='wp-image-93 avia-img-lazy-loading-not-93 avia_image ' src=\"https:\/\/atevasl.com\/wp-content\/uploads\/2016\/06\/fachada-ateva-1030x812.jpg\" alt='' title='fachada ateva'  height=\"812\" width=\"1030\"  itemprop=\"thumbnailUrl\" srcset=\"https:\/\/atevasl.com\/wp-content\/uploads\/2016\/06\/fachada-ateva-1030x812.jpg 1030w, https:\/\/atevasl.com\/wp-content\/uploads\/2016\/06\/fachada-ateva-300x237.jpg 300w, https:\/\/atevasl.com\/wp-content\/uploads\/2016\/06\/fachada-ateva-768x606.jpg 768w, https:\/\/atevasl.com\/wp-content\/uploads\/2016\/06\/fachada-ateva-1500x1183.jpg 1500w, https:\/\/atevasl.com\/wp-content\/uploads\/2016\/06\/fachada-ateva-705x556.jpg 705w, https:\/\/atevasl.com\/wp-content\/uploads\/2016\/06\/fachada-ateva-450x355.jpg 450w, https:\/\/atevasl.com\/wp-content\/uploads\/2016\/06\/fachada-ateva.jpg 1600w\" sizes=\"(max-width: 1030px) 100vw, 1030px\" \/><\/div><\/div><\/div><\/div><\/p>\n\n<style type=\"text\/css\" data-created_by=\"avia_inline_auto\" id=\"style-css-av-av_one_full-6126cab7d8fab8d08143dd2dacdf673c\">\n.flex_column.av-av_one_full-6126cab7d8fab8d08143dd2dacdf673c{\nborder-radius:0px 0px 0px 0px;\npadding:0px 0px 0px 0px;\n}\n<\/style>\n<div  class='flex_column av-av_one_full-6126cab7d8fab8d08143dd2dacdf673c av_one_full  avia-builder-el-6  el_after_av_two_fifth  avia-builder-el-last  first flex_column_div av-zero-column-padding  '     ><p><article  class='iconbox iconbox_left av-av_icon_box-c7fdb98f335593f119d84b0ed9952f25  avia-builder-el-7  el_before_av_textblock  avia-builder-el-first '  itemscope=\"itemscope\" itemtype=\"https:\/\/schema.org\/CreativeWork\" ><div class=\"iconbox_content\"><header class=\"entry-content-header\"><div class=\"iconbox_icon heading-color\" aria-hidden='true' data-av_icon='\ue833' data-av_iconfont='entypo-fontello'><\/div><h3 class='iconbox_content_title '  itemprop=\"headline\" >FILOSOF\u00cdA<\/h3><\/header><div class='iconbox_content_container '  itemprop=\"text\" ><\/div><\/div><footer class=\"entry-footer\"><\/footer><\/article><br \/>\n<section  class='av_textblock_section av-av_textblock-0366cc7376be6c9e82a3e9cc8987b64f '   itemscope=\"itemscope\" itemtype=\"https:\/\/schema.org\/CreativeWork\" ><div class='avia_textblock'  itemprop=\"text\" ><p style=\"text-align: justify;\"><strong>Las caracter\u00edsticas de nuestras adaptaciones son el fruto de una integraci\u00f3n muy importante en el colectivo de los discapacitados y sus necesidades<\/strong> , as\u00ed como de una pol\u00edtica de constante evoluci\u00f3n y desarrollo de productos que lleguen al usuario de<strong> la forma m\u00e1s eficaz en cada caso concreto<\/strong> , sea de uso personal o colectivo.<\/p>\n<p style=\"text-align: justify;\"><strong>ATEVA<\/strong> esta fuertemente orientada hacia estos principios consiguiendo mejores soluciones para optimizar la calidad de vida y autonom\u00eda personal de nuestros clientes.<\/p>\n<\/div><\/section><br \/>\n<section  class='av_textblock_section av-av_textblock-0366cc7376be6c9e82a3e9cc8987b64f '   itemscope=\"itemscope\" itemtype=\"https:\/\/schema.org\/CreativeWork\" ><div class='avia_textblock'  itemprop=\"text\" ><p style=\"text-align: justify;\"><span style=\"line-height: 1.5;\"><strong>El nostre\u00a0treball tamb\u00e9 t\u00e9 un al\u00b7licient especial i agra\u00eft, que \u00e9s millorar el benestar de les persones<\/strong> a les que va destinat.<\/span><\/p>\n<\/div><\/section><br \/>\n\n<style type=\"text\/css\" data-created_by=\"avia_inline_auto\" id=\"style-css-av-av_image-df36d028b13411ef3dbfe9b13dd2d44d\">\n.avia-image-container.av-av_image-df36d028b13411ef3dbfe9b13dd2d44d img.avia_image{\nbox-shadow:none;\n}\n.avia-image-container.av-av_image-df36d028b13411ef3dbfe9b13dd2d44d .av-image-caption-overlay-center{\ncolor:#ffffff;\n}\n<\/style>\n<div  class='avia-image-container av-av_image-df36d028b13411ef3dbfe9b13dd2d44d av-styling- avia-align-center  avia-builder-el-10  el_after_av_textblock  avia-builder-el-last '   itemprop=\"image\" itemscope=\"itemscope\" itemtype=\"https:\/\/schema.org\/ImageObject\" ><div class=\"avia-image-container-inner\"><div class=\"avia-image-overlay-wrap\"><img decoding=\"async\" fetchpriority=\"high\" class='wp-image-1234 avia-img-lazy-loading-not-1234 avia_image ' src=\"https:\/\/atevasl.com\/wp-content\/uploads\/2016\/06\/open.png\" alt='' title='open'  height=\"235\" width=\"1004\"  itemprop=\"thumbnailUrl\" srcset=\"https:\/\/atevasl.com\/wp-content\/uploads\/2016\/06\/open.png 1004w, https:\/\/atevasl.com\/wp-content\/uploads\/2016\/06\/open-300x70.png 300w, https:\/\/atevasl.com\/wp-content\/uploads\/2016\/06\/open-768x180.png 768w, https:\/\/atevasl.com\/wp-content\/uploads\/2016\/06\/open-705x165.png 705w, https:\/\/atevasl.com\/wp-content\/uploads\/2016\/06\/open-450x105.png 450w\" sizes=\"(max-width: 1004px) 100vw, 1004px\" \/><\/div><\/div><\/div><\/p><\/div>\n","protected":false},"excerpt":{"rendered":"","protected":false},"author":2,"featured_media":0,"parent":0,"menu_order":0,"comment_status":"closed","ping_status":"closed","template":"","meta":{"footnotes":""},"class_list":["post-1002","page","type-page","status-publish","hentry"],"yoast_head":"<!-- This site is optimized with the Yoast SEO plugin v26.9 - https:\/\/yoast.com\/product\/yoast-seo-wordpress\/ -->\n<title>Empresa - Ateva<\/title>\n<meta name=\"robots\" content=\"index, follow, max-snippet:-1, max-image-preview:large, max-video-preview:-1\" \/>\n<link rel=\"canonical\" href=\"https:\/\/atevasl.com\/es\/empresa\/\" \/>\n<meta property=\"og:locale\" content=\"es_ES\" \/>\n<meta property=\"og:type\" content=\"article\" \/>\n<meta property=\"og:title\" content=\"Empresa - Ateva\" \/>\n<meta property=\"og:url\" content=\"https:\/\/atevasl.com\/es\/empresa\/\" \/>\n<meta property=\"og:site_name\" content=\"Ateva\" \/>\n<meta property=\"article:modified_time\" content=\"2017-08-18T11:43:35+00:00\" \/>\n<meta name=\"twitter:card\" content=\"summary_large_image\" \/>\n<meta name=\"twitter:label1\" content=\"Tiempo de lectura\" \/>\n\t<meta name=\"twitter:data1\" content=\"3 minutos\" \/>\n<script type=\"application\/ld+json\" class=\"yoast-schema-graph\">{\"@context\":\"https:\/\/schema.org\",\"@graph\":[{\"@type\":\"WebPage\",\"@id\":\"https:\/\/atevasl.com\/es\/empresa\/\",\"url\":\"https:\/\/atevasl.com\/es\/empresa\/\",\"name\":\"Empresa - Ateva\",\"isPartOf\":{\"@id\":\"https:\/\/atevasl.com\/#website\"},\"datePublished\":\"2016-06-22T08:46:39+00:00\",\"dateModified\":\"2017-08-18T11:43:35+00:00\",\"breadcrumb\":{\"@id\":\"https:\/\/atevasl.com\/es\/empresa\/#breadcrumb\"},\"inLanguage\":\"es\",\"potentialAction\":[{\"@type\":\"ReadAction\",\"target\":[\"https:\/\/atevasl.com\/es\/empresa\/\"]}]},{\"@type\":\"BreadcrumbList\",\"@id\":\"https:\/\/atevasl.com\/es\/empresa\/#breadcrumb\",\"itemListElement\":[{\"@type\":\"ListItem\",\"position\":1,\"name\":\"Inici\",\"item\":\"https:\/\/atevasl.com\/es\/\"},{\"@type\":\"ListItem\",\"position\":2,\"name\":\"Empresa\"}]},{\"@type\":\"WebSite\",\"@id\":\"https:\/\/atevasl.com\/#website\",\"url\":\"https:\/\/atevasl.com\/\",\"name\":\"Ateva\",\"description\":\"Adaptaciones t\u00e9cnicas de veh\u00edculos - Grup Olivan\",\"potentialAction\":[{\"@type\":\"SearchAction\",\"target\":{\"@type\":\"EntryPoint\",\"urlTemplate\":\"https:\/\/atevasl.com\/?s={search_term_string}\"},\"query-input\":{\"@type\":\"PropertyValueSpecification\",\"valueRequired\":true,\"valueName\":\"search_term_string\"}}],\"inLanguage\":\"es\"}]}<\/script>\n<!-- \/ Yoast SEO plugin. -->","yoast_head_json":{"title":"Empresa - Ateva","robots":{"index":"index","follow":"follow","max-snippet":"max-snippet:-1","max-image-preview":"max-image-preview:large","max-video-preview":"max-video-preview:-1"},"canonical":"https:\/\/atevasl.com\/es\/empresa\/","og_locale":"es_ES","og_type":"article","og_title":"Empresa - Ateva","og_url":"https:\/\/atevasl.com\/es\/empresa\/","og_site_name":"Ateva","article_modified_time":"2017-08-18T11:43:35+00:00","twitter_card":"summary_large_image","twitter_misc":{"Tiempo de lectura":"3 minutos"},"schema":{"@context":"https:\/\/schema.org","@graph":[{"@type":"WebPage","@id":"https:\/\/atevasl.com\/es\/empresa\/","url":"https:\/\/atevasl.com\/es\/empresa\/","name":"Empresa - Ateva","isPartOf":{"@id":"https:\/\/atevasl.com\/#website"},"datePublished":"2016-06-22T08:46:39+00:00","dateModified":"2017-08-18T11:43:35+00:00","breadcrumb":{"@id":"https:\/\/atevasl.com\/es\/empresa\/#breadcrumb"},"inLanguage":"es","potentialAction":[{"@type":"ReadAction","target":["https:\/\/atevasl.com\/es\/empresa\/"]}]},{"@type":"BreadcrumbList","@id":"https:\/\/atevasl.com\/es\/empresa\/#breadcrumb","itemListElement":[{"@type":"ListItem","position":1,"name":"Inici","item":"https:\/\/atevasl.com\/es\/"},{"@type":"ListItem","position":2,"name":"Empresa"}]},{"@type":"WebSite","@id":"https:\/\/atevasl.com\/#website","url":"https:\/\/atevasl.com\/","name":"Ateva","description":"Adaptaciones t\u00e9cnicas de veh\u00edculos - Grup Olivan","potentialAction":[{"@type":"SearchAction","target":{"@type":"EntryPoint","urlTemplate":"https:\/\/atevasl.com\/?s={search_term_string}"},"query-input":{"@type":"PropertyValueSpecification","valueRequired":true,"valueName":"search_term_string"}}],"inLanguage":"es"}]}},"_links":{"self":[{"href":"https:\/\/atevasl.com\/es\/wp-json\/wp\/v2\/pages\/1002","targetHints":{"allow":["GET"]}}],"collection":[{"href":"https:\/\/atevasl.com\/es\/wp-json\/wp\/v2\/pages"}],"about":[{"href":"https:\/\/atevasl.com\/es\/wp-json\/wp\/v2\/types\/page"}],"author":[{"embeddable":true,"href":"https:\/\/atevasl.com\/es\/wp-json\/wp\/v2\/users\/2"}],"replies":[{"embeddable":true,"href":"https:\/\/atevasl.com\/es\/wp-json\/wp\/v2\/comments?post=1002"}],"version-history":[{"count":0,"href":"https:\/\/atevasl.com\/es\/wp-json\/wp\/v2\/pages\/1002\/revisions"}],"wp:attachment":[{"href":"https:\/\/atevasl.com\/es\/wp-json\/wp\/v2\/media?parent=1002"}],"curies":[{"name":"wp","href":"https:\/\/api.w.org\/{rel}","templated":true}]}}