{"id":1003,"date":"2016-06-21T13:04:32","date_gmt":"2016-06-21T11:04:32","guid":{"rendered":"https:\/\/atevasl.com\/site\/es\/contacte\/"},"modified":"2021-01-14T14:33:00","modified_gmt":"2021-01-14T12:33:00","slug":"contacto","status":"publish","type":"page","link":"https:\/\/atevasl.com\/es\/contacto\/","title":{"rendered":"Contacto"},"content":{"rendered":"\n<style type=\"text\/css\" data-created_by=\"avia_inline_auto\" id=\"style-css-av-av_two_third-6126cab7d8fab8d08143dd2dacdf673c\">\n.flex_column.av-av_two_third-6126cab7d8fab8d08143dd2dacdf673c{\nborder-radius:0px 0px 0px 0px;\npadding:0px 0px 0px 0px;\n}\n<\/style>\n<div  class='flex_column av-av_two_third-6126cab7d8fab8d08143dd2dacdf673c av_two_third  avia-builder-el-0  el_before_av_one_third  avia-builder-el-first  first flex_column_div av-zero-column-padding  '     ><p><br \/>\n<section  class='av_textblock_section av-av_textblock-0366cc7376be6c9e82a3e9cc8987b64f '   itemscope=\"itemscope\" itemtype=\"https:\/\/schema.org\/CreativeWork\" ><div class='avia_textblock'  itemprop=\"text\" ><p>Si tienes cualquier duda puedes ponerte en contacto con nosotros llamando al <span style=\"color: #034774; font-weight: bold; font-style: italic;\">972 49 21 67<\/span>\u00a0o rellenando el siguiente formulario de contacto:<\/p>\n<\/div><\/section><br \/>\n<section  class='av_textblock_section av-av_textblock-0366cc7376be6c9e82a3e9cc8987b64f '   itemscope=\"itemscope\" itemtype=\"https:\/\/schema.org\/CreativeWork\" ><div class='avia_textblock'  itemprop=\"text\" >\n<div class=\"wpcf7 no-js\" id=\"wpcf7-f1219-o1\" lang=\"ca\" dir=\"ltr\" data-wpcf7-id=\"1219\">\n<div class=\"screen-reader-response\"><p role=\"status\" aria-live=\"polite\" aria-atomic=\"true\"><\/p> <ul><\/ul><\/div>\n<form action=\"\/es\/wp-json\/wp\/v2\/pages\/1003#wpcf7-f1219-o1\" method=\"post\" class=\"wpcf7-form init\" aria-label=\"Formulari de contacte\" novalidate=\"novalidate\" data-status=\"init\">\n<fieldset class=\"hidden-fields-container\"><input type=\"hidden\" name=\"_wpcf7\" value=\"1219\" \/><input type=\"hidden\" name=\"_wpcf7_version\" value=\"6.1.5\" \/><input type=\"hidden\" name=\"_wpcf7_locale\" value=\"ca\" \/><input type=\"hidden\" name=\"_wpcf7_unit_tag\" value=\"wpcf7-f1219-o1\" \/><input type=\"hidden\" name=\"_wpcf7_container_post\" value=\"0\" \/><input type=\"hidden\" name=\"_wpcf7_posted_data_hash\" value=\"\" \/><input type=\"hidden\" name=\"_wpcf7_recaptcha_response\" value=\"\" \/>\n<\/fieldset>\n<p>Nombre*\n<\/p>\n<p><span class=\"wpcf7-form-control-wrap\" data-name=\"your-name\"><input size=\"40\" maxlength=\"400\" class=\"wpcf7-form-control wpcf7-text wpcf7-validates-as-required\" aria-required=\"true\" aria-invalid=\"false\" value=\"\" type=\"text\" name=\"your-name\" \/><\/span>\n<\/p>\n<p>E-mail*\n<\/p>\n<p><span class=\"wpcf7-form-control-wrap\" data-name=\"your-email\"><input size=\"40\" maxlength=\"400\" class=\"wpcf7-form-control wpcf7-email wpcf7-validates-as-required wpcf7-text wpcf7-validates-as-email\" aria-required=\"true\" aria-invalid=\"false\" value=\"\" type=\"email\" name=\"your-email\" \/><\/span>\n<\/p>\n<p>Tel\u00e9fono*\n<\/p>\n<p><span class=\"wpcf7-form-control-wrap\" data-name=\"telf\"><input size=\"40\" maxlength=\"400\" class=\"wpcf7-form-control wpcf7-tel wpcf7-validates-as-required wpcf7-text wpcf7-validates-as-tel\" aria-required=\"true\" aria-invalid=\"false\" value=\"\" type=\"tel\" name=\"telf\" \/><\/span>\n<\/p>\n<p>Empresa*\n<\/p>\n<p><span class=\"wpcf7-form-control-wrap\" data-name=\"your-enterprise\"><input size=\"40\" maxlength=\"400\" class=\"wpcf7-form-control wpcf7-text wpcf7-validates-as-required\" aria-required=\"true\" aria-invalid=\"false\" value=\"\" type=\"text\" name=\"your-enterprise\" \/><\/span>\n<\/p>\n<p>Direcci\u00f3n*\n<\/p>\n<p><span class=\"wpcf7-form-control-wrap\" data-name=\"your-address\"><input size=\"40\" maxlength=\"400\" class=\"wpcf7-form-control wpcf7-text wpcf7-validates-as-required\" aria-required=\"true\" aria-invalid=\"false\" value=\"\" type=\"text\" name=\"your-address\" \/><\/span>\n<\/p>\n<p>Asunto*\n<\/p>\n<p><span class=\"wpcf7-form-control-wrap\" data-name=\"your-subject\"><input size=\"40\" maxlength=\"400\" class=\"wpcf7-form-control wpcf7-text wpcf7-validates-as-required\" aria-required=\"true\" aria-invalid=\"false\" value=\"\" type=\"text\" name=\"your-subject\" \/><\/span>\n<\/p>\n<p>Tu mensaje*\n<\/p>\n<p><span class=\"wpcf7-form-control-wrap\" data-name=\"your-message\"><textarea cols=\"40\" rows=\"10\" maxlength=\"2000\" class=\"wpcf7-form-control wpcf7-textarea wpcf7-validates-as-required\" aria-required=\"true\" aria-invalid=\"false\" name=\"your-message\"><\/textarea><\/span>\n<\/p>\n<p><span class=\"wpcf7-form-control-wrap\" data-name=\"acceptance-235\"><span class=\"wpcf7-form-control wpcf7-acceptance\"><span class=\"wpcf7-list-item\"><input type=\"checkbox\" name=\"acceptance-235\" value=\"1\" aria-invalid=\"false\" \/><\/span><\/span><\/span> He le\u00eddo y acepto la <a href=\"https:\/\/atevasl.com\/es\/aviso-legal#politica-de-privacidad\" target=\"_blank\">pol\u00edtica de privacidad<\/a>.\n<\/p>\n<p style=\"margin-bottom: 20px;\"><span class=\"wpcf7-form-control-wrap\" data-name=\"informacio-comercial\"><span class=\"wpcf7-form-control wpcf7-checkbox\"><span class=\"wpcf7-list-item first last\"><input type=\"checkbox\" name=\"informacio-comercial[]\" value=\"Acepto el env\u00edo de informaci\u00f3n comercial\" \/><span class=\"wpcf7-list-item-label\">Acepto el env\u00edo de informaci\u00f3n comercial<\/span><\/span><\/span><\/span>\n<\/p>\n<p><input class=\"wpcf7-form-control wpcf7-submit has-spinner\" type=\"submit\" value=\"Enviar\" \/>\n<\/p><div class=\"wpcf7-response-output\" aria-hidden=\"true\"><\/div>\n<\/form>\n<\/div>\n\n<\/div><\/section><br \/>\n<section  class='av_textblock_section av-av_textblock-0366cc7376be6c9e82a3e9cc8987b64f '   itemscope=\"itemscope\" itemtype=\"https:\/\/schema.org\/CreativeWork\" ><div class='avia_textblock'  itemprop=\"text\" ><p style=\"text-align: justify; font-size: 9.5px; line-height: 11px;\">La comunicaci\u00f3n remitida quedar\u00e1 incorporada a un fichero del que es responsable J. OLIVAN S.L.. Dicha comunicaci\u00f3n se utilizar\u00e1 exclusivamente para atender a su solicitud. Mediante la indicaci\u00f3n de sus datos y de conformidad con lo establecido en el art\u00edculo 6 de la L.O.P.D., Ud. otorga consentimiento inequ\u00edvoco a J. OLIVAN S.L. para que proceda, en cumplimiento de los fines mencionados en el apartado anterior, al tratamiento de los datos personales facilitados.<br \/>\nEn cualquier momento usted podr\u00e1 ejercer los derechos de acceso, rectificaci\u00f3n, oposici\u00f3n y, en su caso, cancelaci\u00f3n, comunic\u00e1ndolo por escrito e indicando sus datos personales a la J. OLIVAN S.L., en el domicilio C\/ Falgueres, S\/N. \u2013 Poligono Industrial de Celr\u00e0 \u2013 17460 Celr\u00e0 ( Girona ) o mediante el env\u00edo de correo electr\u00f3nico a info@atevasl.com<\/p>\n<\/div><\/section><\/p><\/div>\n\n<style type=\"text\/css\" data-created_by=\"avia_inline_auto\" id=\"style-css-av-av_one_third-0aa7055fe62c3622faec82866afbaeb2\">\n.flex_column.av-av_one_third-0aa7055fe62c3622faec82866afbaeb2{\nborder-radius:0px 0px 0px 0px;\npadding:0px 0px 0px 0px;\n}\n<\/style>\n<div  class='flex_column av-av_one_third-0aa7055fe62c3622faec82866afbaeb2 av_one_third  avia-builder-el-5  el_after_av_two_third  avia-builder-el-last  flex_column_div av-zero-column-padding  '     ><article  class='iconbox iconbox_top av-av_icon_box-9578af5cceb6283fac4646e83295f4da  avia-builder-el-6  el_before_av_hr  avia-builder-el-first  main_color'  itemscope=\"itemscope\" itemtype=\"https:\/\/schema.org\/CreativeWork\" ><div class=\"iconbox_content\"><header class=\"entry-content-header\"><div class=\"iconbox_icon heading-color\" aria-hidden='true' data-av_icon='\ue81e' data-av_iconfont='entypo-fontello'><\/div><h3 class='iconbox_content_title '  itemprop=\"headline\" >INFORMACI\u00d3N DE CONTACTO<\/h3><\/header><div class='iconbox_content_container '  itemprop=\"text\" ><h5>ATEVA<\/h5>\n<p>C\/ Falgueres, 11.<\/p>\n<p>17460 &#8211; Celr\u00e0 ( Girona )<\/p>\n<p><i class=\"fa fa-phone\"><\/i>972 49 21 67<\/p>\n<p><a class=\"mail-contacte\" style=\"text-decoration: none;\" href=\"mailto:info@atevasl.com\"><i class=\"fa fa-envelope-o\"><\/i> info@atevasl.com<\/a><\/p>\n<\/div><\/div><footer class=\"entry-footer\"><\/footer><\/article><br \/>\n\n<style type=\"text\/css\" data-created_by=\"avia_inline_auto\" id=\"style-css-av-av_hr-f356e705b636d09edea7f2943b8a448d\">\n#top .hr.hr-invisible.av-av_hr-f356e705b636d09edea7f2943b8a448d{\nheight:30px;\n}\n<\/style>\n<div  class='hr av-av_hr-f356e705b636d09edea7f2943b8a448d hr-invisible  avia-builder-el-7  el_after_av_icon_box  el_before_av_icon_box '><span class='hr-inner '><span class=\"hr-inner-style\"><\/span><\/span><\/div><br \/>\n<article  class='iconbox iconbox_top av-av_icon_box-c425bc6be44991e27ec87e8507028163  avia-builder-el-8  el_after_av_hr  el_before_av_hr  main_color'  itemscope=\"itemscope\" itemtype=\"https:\/\/schema.org\/CreativeWork\" ><div class=\"iconbox_content\"><header class=\"entry-content-header\"><div class=\"iconbox_icon heading-color\" aria-hidden='true' data-av_icon='\ue85b' data-av_iconfont='entypo-fontello'><\/div><h3 class='iconbox_content_title '  itemprop=\"headline\" >HORARIO LABORABLE<\/h3><\/header><div class='iconbox_content_container '  itemprop=\"text\" ><p>DE LUNES A VIERNES<\/p>\n<p>De<strong> 9:00 A 13:00<\/strong> y de\u00a0<strong>15:00 A 19:00<\/strong><\/p>\n<\/div><\/div><footer class=\"entry-footer\"><\/footer><\/article><br \/>\n\n<style type=\"text\/css\" data-created_by=\"avia_inline_auto\" id=\"style-css-av-av_hr-f356e705b636d09edea7f2943b8a448d\">\n#top .hr.hr-invisible.av-av_hr-f356e705b636d09edea7f2943b8a448d{\nheight:30px;\n}\n<\/style>\n<div  class='hr av-av_hr-f356e705b636d09edea7f2943b8a448d hr-invisible  avia-builder-el-9  el_after_av_icon_box  el_before_av_icon_box '><span class='hr-inner '><span class=\"hr-inner-style\"><\/span><\/span><\/div><br \/>\n<article  class='iconbox iconbox_top av-av_icon_box-bd5442b6ca2f29bf5743664446f2c957  avia-builder-el-10  el_after_av_hr  el_before_av_hr  main_color'  itemscope=\"itemscope\" itemtype=\"https:\/\/schema.org\/CreativeWork\" ><div class=\"iconbox_content\"><header class=\"entry-content-header\"><div class=\"iconbox_icon heading-color\" aria-hidden='true' data-av_icon='\ue842' data-av_iconfont='entypo-fontello'><\/div><h3 class='iconbox_content_title '  itemprop=\"headline\" >COMO LLEGAR<\/h3><\/header><div class='iconbox_content_container '  itemprop=\"text\" ><p>Os indicamos como llegar a ATEVA desde varias v\u00edas de comunicaci\u00f3n:<\/p>\n<p><strong>Latitud:\u00a042.031892 |\u00a0Longitud:\u00a02.888849.<\/strong><\/p>\n<p>Con <strong>COTXE<\/strong>: Autopista <strong>AP7 salida Girona Norte<\/strong> a 5Km. por la comarcal C66.<br \/>\n\u00b7 <strong>Aeropuerto a 25Km.<\/strong><br \/>\n\u00b7 <strong>Parada RENFE Barcelona &#8211; Fran\u00e7a.<\/strong><br \/>\n\u00b7 <strong>Parada Autocar a 50mts.<\/strong><br \/>\n\u00b7 <strong>Taxis adaptados<\/strong> tel. centralita: <strong>618 419 111.<\/strong><\/p>\n<\/div><\/div><footer class=\"entry-footer\"><\/footer><\/article><br \/>\n\n<style type=\"text\/css\" data-created_by=\"avia_inline_auto\" id=\"style-css-av-av_hr-f356e705b636d09edea7f2943b8a448d\">\n#top .hr.hr-invisible.av-av_hr-f356e705b636d09edea7f2943b8a448d{\nheight:30px;\n}\n<\/style>\n<div  class='hr av-av_hr-f356e705b636d09edea7f2943b8a448d hr-invisible  avia-builder-el-11  el_after_av_icon_box  el_before_av_icon_box '><span class='hr-inner '><span class=\"hr-inner-style\"><\/span><\/span><\/div><br \/>\n<article  class='iconbox iconbox_top av-av_icon_box-5be3ba66a2bc99faed6c729ee593ee7f  avia-builder-el-12  el_after_av_hr  avia-builder-el-last  main_color'  itemscope=\"itemscope\" itemtype=\"https:\/\/schema.org\/CreativeWork\" ><div class=\"iconbox_content\"><header class=\"entry-content-header\"><div class=\"iconbox_icon heading-color\" aria-hidden='true' data-av_icon='\ue8b1' data-av_iconfont='entypo-fontello'><\/div><h3 class='iconbox_content_title '  itemprop=\"headline\" >REDES SOCIALES<\/h3><\/header><div class='iconbox_content_container '  itemprop=\"text\" ><p>S\u00edguenos en nuestras redes sociales y no te pierdas ninguna oferta!<\/p>\n<p style=\"margin-top: 25px;\"><a style=\"text-decoration: none; margin-right: 30px;\" href=\"https:\/\/www.facebook.com\" target=\"_blank\" rel=\"noopener noreferrer\"><i class=\"fa fa-facebook fa-2x\"><\/i> <span style=\"display: none;\">Facebook<\/span><\/a> <a style=\"text-decoration: none;\" href=\"https:\/\/www.twitter.com\" target=\"_blank\" rel=\"noopener noreferrer\"><i class=\"fa fa-twitter fa-2x\"><\/i> <span style=\"display: none;\">Twitter<\/span><\/a><\/p>\n<\/div><\/div><footer class=\"entry-footer\"><\/footer><\/article><\/p><\/div>\n","protected":false},"excerpt":{"rendered":"","protected":false},"author":2,"featured_media":0,"parent":0,"menu_order":0,"comment_status":"closed","ping_status":"closed","template":"","meta":{"footnotes":""},"class_list":["post-1003","page","type-page","status-publish","hentry"],"yoast_head":"<!-- This site is optimized with the Yoast SEO plugin v26.9 - https:\/\/yoast.com\/product\/yoast-seo-wordpress\/ -->\n<title>Contacto - Ateva<\/title>\n<meta name=\"robots\" content=\"index, follow, max-snippet:-1, max-image-preview:large, max-video-preview:-1\" \/>\n<link rel=\"canonical\" href=\"https:\/\/atevasl.com\/es\/contacto\/\" \/>\n<meta property=\"og:locale\" content=\"es_ES\" \/>\n<meta property=\"og:type\" content=\"article\" \/>\n<meta property=\"og:title\" content=\"Contacto - Ateva\" \/>\n<meta property=\"og:url\" content=\"https:\/\/atevasl.com\/es\/contacto\/\" \/>\n<meta property=\"og:site_name\" content=\"Ateva\" \/>\n<meta property=\"article:modified_time\" content=\"2021-01-14T12:33:00+00:00\" \/>\n<meta name=\"twitter:card\" content=\"summary_large_image\" \/>\n<meta name=\"twitter:label1\" content=\"Tiempo de lectura\" \/>\n\t<meta name=\"twitter:data1\" content=\"3 minutos\" \/>\n<script type=\"application\/ld+json\" class=\"yoast-schema-graph\">{\"@context\":\"https:\/\/schema.org\",\"@graph\":[{\"@type\":\"WebPage\",\"@id\":\"https:\/\/atevasl.com\/es\/contacto\/\",\"url\":\"https:\/\/atevasl.com\/es\/contacto\/\",\"name\":\"Contacto - Ateva\",\"isPartOf\":{\"@id\":\"https:\/\/atevasl.com\/#website\"},\"datePublished\":\"2016-06-21T11:04:32+00:00\",\"dateModified\":\"2021-01-14T12:33:00+00:00\",\"breadcrumb\":{\"@id\":\"https:\/\/atevasl.com\/es\/contacto\/#breadcrumb\"},\"inLanguage\":\"es\",\"potentialAction\":[{\"@type\":\"ReadAction\",\"target\":[\"https:\/\/atevasl.com\/es\/contacto\/\"]}]},{\"@type\":\"BreadcrumbList\",\"@id\":\"https:\/\/atevasl.com\/es\/contacto\/#breadcrumb\",\"itemListElement\":[{\"@type\":\"ListItem\",\"position\":1,\"name\":\"Inici\",\"item\":\"https:\/\/atevasl.com\/es\/\"},{\"@type\":\"ListItem\",\"position\":2,\"name\":\"Contacto\"}]},{\"@type\":\"WebSite\",\"@id\":\"https:\/\/atevasl.com\/#website\",\"url\":\"https:\/\/atevasl.com\/\",\"name\":\"Ateva\",\"description\":\"Adaptaciones t\u00e9cnicas de veh\u00edculos - Grup Olivan\",\"potentialAction\":[{\"@type\":\"SearchAction\",\"target\":{\"@type\":\"EntryPoint\",\"urlTemplate\":\"https:\/\/atevasl.com\/?s={search_term_string}\"},\"query-input\":{\"@type\":\"PropertyValueSpecification\",\"valueRequired\":true,\"valueName\":\"search_term_string\"}}],\"inLanguage\":\"es\"}]}<\/script>\n<!-- \/ Yoast SEO plugin. -->","yoast_head_json":{"title":"Contacto - Ateva","robots":{"index":"index","follow":"follow","max-snippet":"max-snippet:-1","max-image-preview":"max-image-preview:large","max-video-preview":"max-video-preview:-1"},"canonical":"https:\/\/atevasl.com\/es\/contacto\/","og_locale":"es_ES","og_type":"article","og_title":"Contacto - Ateva","og_url":"https:\/\/atevasl.com\/es\/contacto\/","og_site_name":"Ateva","article_modified_time":"2021-01-14T12:33:00+00:00","twitter_card":"summary_large_image","twitter_misc":{"Tiempo de lectura":"3 minutos"},"schema":{"@context":"https:\/\/schema.org","@graph":[{"@type":"WebPage","@id":"https:\/\/atevasl.com\/es\/contacto\/","url":"https:\/\/atevasl.com\/es\/contacto\/","name":"Contacto - Ateva","isPartOf":{"@id":"https:\/\/atevasl.com\/#website"},"datePublished":"2016-06-21T11:04:32+00:00","dateModified":"2021-01-14T12:33:00+00:00","breadcrumb":{"@id":"https:\/\/atevasl.com\/es\/contacto\/#breadcrumb"},"inLanguage":"es","potentialAction":[{"@type":"ReadAction","target":["https:\/\/atevasl.com\/es\/contacto\/"]}]},{"@type":"BreadcrumbList","@id":"https:\/\/atevasl.com\/es\/contacto\/#breadcrumb","itemListElement":[{"@type":"ListItem","position":1,"name":"Inici","item":"https:\/\/atevasl.com\/es\/"},{"@type":"ListItem","position":2,"name":"Contacto"}]},{"@type":"WebSite","@id":"https:\/\/atevasl.com\/#website","url":"https:\/\/atevasl.com\/","name":"Ateva","description":"Adaptaciones t\u00e9cnicas de veh\u00edculos - Grup Olivan","potentialAction":[{"@type":"SearchAction","target":{"@type":"EntryPoint","urlTemplate":"https:\/\/atevasl.com\/?s={search_term_string}"},"query-input":{"@type":"PropertyValueSpecification","valueRequired":true,"valueName":"search_term_string"}}],"inLanguage":"es"}]}},"_links":{"self":[{"href":"https:\/\/atevasl.com\/es\/wp-json\/wp\/v2\/pages\/1003","targetHints":{"allow":["GET"]}}],"collection":[{"href":"https:\/\/atevasl.com\/es\/wp-json\/wp\/v2\/pages"}],"about":[{"href":"https:\/\/atevasl.com\/es\/wp-json\/wp\/v2\/types\/page"}],"author":[{"embeddable":true,"href":"https:\/\/atevasl.com\/es\/wp-json\/wp\/v2\/users\/2"}],"replies":[{"embeddable":true,"href":"https:\/\/atevasl.com\/es\/wp-json\/wp\/v2\/comments?post=1003"}],"version-history":[{"count":0,"href":"https:\/\/atevasl.com\/es\/wp-json\/wp\/v2\/pages\/1003\/revisions"}],"wp:attachment":[{"href":"https:\/\/atevasl.com\/es\/wp-json\/wp\/v2\/media?parent=1003"}],"curies":[{"name":"wp","href":"https:\/\/api.w.org\/{rel}","templated":true}]}}