{"id":1009,"date":"2016-06-22T10:49:49","date_gmt":"2016-06-22T08:49:49","guid":{"rendered":"https:\/\/atevasl.com\/site\/es\/solucions\/acces\/"},"modified":"2017-01-26T11:32:39","modified_gmt":"2017-01-26T09:32:39","slug":"acceso","status":"publish","type":"page","link":"https:\/\/atevasl.com\/es\/soluciones\/acceso\/","title":{"rendered":"Acceso"},"content":{"rendered":"\n<style type=\"text\/css\" data-created_by=\"avia_inline_auto\" id=\"style-css-av-av_section-e62b7c44034340cf03b917eb02bff5c3\">\n.avia-section.av-av_section-e62b7c44034340cf03b917eb02bff5c3{\nbackground-repeat:no-repeat;\nbackground-image:url(https:\/\/atevasl.com\/wp-content\/uploads\/2016\/06\/entrar.jpg);\nbackground-position:50% 100%;\nbackground-attachment:scroll;\n}\n<\/style>\n<div id='solucions'  class='avia-section av-av_section-e62b7c44034340cf03b917eb02bff5c3 main_color avia-section-default avia-no-shadow  avia-builder-el-0  el_before_av_one_full  avia-builder-el-first  avia-bg-style-scroll container_wrap sidebar_right'  data-section-bg-repeat='no-repeat'><div class='container av-section-cont-open' ><main  role=\"main\" itemprop=\"mainContentOfPage\"  class='template-page content  av-content-small alpha units'><div class='post-entry post-entry-type-page post-entry-1009'><div class='entry-content-wrapper clearfix'>\n<section  class='av_textblock_section av-av_textblock-0366cc7376be6c9e82a3e9cc8987b64f '   itemscope=\"itemscope\" itemtype=\"https:\/\/schema.org\/CreativeWork\" ><div class='avia_textblock'  itemprop=\"text\" ><h2 style=\"text-align: center;\">Acceso<\/h2>\n<\/div><\/section>\n<section  class='av_textblock_section av-av_textblock-0366cc7376be6c9e82a3e9cc8987b64f '   itemscope=\"itemscope\" itemtype=\"https:\/\/schema.org\/CreativeWork\" ><div class='avia_textblock'  itemprop=\"text\" ><p style=\"color: #034774; text-align: center; font-size: 15px;\"><strong><br \/>\nUna vivienda accesible o adaptada es aquel que est\u00e1 exento de barreras en su entorno, posibilitando que las personas mayores, con movilidad reducida y \/ o discapacidad, puedan continuar viviendo en sus viviendas \/ hogares, incluso solas, manteniendo el m\u00e1ximo grado posible de autonom\u00eda personal, pudiendo as\u00ed hacer el mayor n\u00famero de actividades, solas o con alguna ayuda, y con la m\u00e1xima seguridad para ellas y sus cuidadores y \/ o familiares. Y todo ello en un ambiente personalizado y con la calidez y el confort que cada uno desee.<\/strong><\/p>\n<\/div><\/section>\n<\/div><\/div><\/main><!-- close content main element --><\/div><\/div><div id='after_section_1'  class='main_color av_default_container_wrap container_wrap sidebar_right'  ><div class='container av-section-cont-open' ><div class='template-page content  av-content-small alpha units'><div class='post-entry post-entry-type-page post-entry-1009'><div class='entry-content-wrapper clearfix'>\n\n<style type=\"text\/css\" data-created_by=\"avia_inline_auto\" id=\"style-css-av-av_one_full-6126cab7d8fab8d08143dd2dacdf673c\">\n.flex_column.av-av_one_full-6126cab7d8fab8d08143dd2dacdf673c{\nborder-radius:0px 0px 0px 0px;\npadding:0px 0px 0px 0px;\n}\n<\/style>\n<div  class='flex_column av-av_one_full-6126cab7d8fab8d08143dd2dacdf673c av_one_full  avia-builder-el-3  el_after_av_section  avia-builder-el-no-sibling  first flex_column_div av-zero-column-padding  '     ><div  id=\"av-sc-portfolio-1\"  class=' grid-sort-container isotope   no_margin-container with-excerpt-container grid-total-even grid-col-4 grid-links-' data-portfolio-id='1'><div data-ajax-id='1066' class=' grid-entry flex_column isotope-item all_sort no_margin post-entry post-entry-1066 grid-entry-overview grid-loop-1 grid-parity-odd  acces-es_sort solucions-es_sort  av_one_fourth first default_av_fullwidth '><article class='main_color inner-entry'  itemscope=\"itemscope\" itemtype=\"https:\/\/schema.org\/CreativeWork\" ><a href=\"https:\/\/atevasl.com\/es\/productes\/a-hatch\/\" title='A &#8211; Hatch'  data-rel='grid-1' class='grid-image avia-hover-fx'> <img decoding=\"async\" fetchpriority=\"high\" width=\"260\" height=\"185\" src=\"https:\/\/atevasl.com\/wp-content\/uploads\/2016\/08\/dsc9918_370px-260x185.jpg\" class=\"wp-image-569 avia-img-lazy-loading-not-569 attachment-portfolio_small size-portfolio_small wp-post-image\" alt=\"Ateva\" \/><\/a><div class='grid-content'><div class='avia-arrow'><\/div><header class=\"entry-content-header\"><h3 class='grid-entry-title entry-title '  itemprop=\"headline\" ><a href='https:\/\/atevasl.com\/es\/productes\/a-hatch\/' title='A &#8211; Hatch'>A &#8211; Hatch<\/a><\/h3><\/header><\/div><footer class=\"entry-footer\"><\/footer><\/article><\/div><div data-ajax-id='1072' class=' grid-entry flex_column isotope-item all_sort no_margin post-entry post-entry-1072 grid-entry-overview grid-loop-2 grid-parity-even  acces-es_sort solucions-es_sort  av_one_fourth  default_av_fullwidth '><article class='main_color inner-entry'  itemscope=\"itemscope\" itemtype=\"https:\/\/schema.org\/CreativeWork\" ><a href=\"https:\/\/atevasl.com\/es\/productes\/base-6-way\/\" title='Base 6-Way'  data-rel='grid-1' class='grid-image avia-hover-fx'> <img decoding=\"async\" fetchpriority=\"high\" width=\"260\" height=\"185\" src=\"https:\/\/atevasl.com\/wp-content\/uploads\/2016\/08\/140438181312_441_328_90-1-260x185.jpg\" class=\"wp-image-534 avia-img-lazy-loading-not-534 attachment-portfolio_small size-portfolio_small wp-post-image\" alt=\"\" \/><\/a><div class='grid-content'><div class='avia-arrow'><\/div><header class=\"entry-content-header\"><h3 class='grid-entry-title entry-title '  itemprop=\"headline\" ><a href='https:\/\/atevasl.com\/es\/productes\/base-6-way\/' title='Base 6-Way'>Base 6-Way<\/a><\/h3><\/header><\/div><footer class=\"entry-footer\"><\/footer><\/article><\/div><div data-ajax-id='1074' class=' grid-entry flex_column isotope-item all_sort no_margin post-entry post-entry-1074 grid-entry-overview grid-loop-3 grid-parity-odd  solucions-es_sort varis-es_sort  av_one_fourth  default_av_fullwidth '><article class='main_color inner-entry'  itemscope=\"itemscope\" itemtype=\"https:\/\/schema.org\/CreativeWork\" ><a href=\"https:\/\/atevasl.com\/es\/productes\/carolift-6900\/\" title='Carolift 6900'  data-rel='grid-1' class='grid-image avia-hover-fx'> <img decoding=\"async\" fetchpriority=\"high\" width=\"260\" height=\"185\" src=\"https:\/\/atevasl.com\/wp-content\/uploads\/2016\/08\/autoadapt_pr_carolift6900-0005-2-260x185.jpg\" class=\"wp-image-546 avia-img-lazy-loading-not-546 attachment-portfolio_small size-portfolio_small wp-post-image\" alt=\"\" \/><\/a><div class='grid-content'><div class='avia-arrow'><\/div><header class=\"entry-content-header\"><h3 class='grid-entry-title entry-title '  itemprop=\"headline\" ><a href='https:\/\/atevasl.com\/es\/productes\/carolift-6900\/' title='Carolift 6900'>Carolift 6900<\/a><\/h3><\/header><\/div><footer class=\"entry-footer\"><\/footer><\/article><\/div><div data-ajax-id='1071' class=' grid-entry flex_column isotope-item all_sort no_margin post-entry post-entry-1071 grid-entry-overview grid-loop-4 grid-parity-even  solucions-es_sort varis-es_sort  av_one_fourth  default_av_fullwidth '><article class='main_color inner-entry'  itemscope=\"itemscope\" itemtype=\"https:\/\/schema.org\/CreativeWork\" ><a href=\"https:\/\/atevasl.com\/es\/productes\/grua-carolift-90\/\" title='Carolift 90'  data-rel='grid-1' class='grid-image avia-hover-fx'> <img decoding=\"async\" fetchpriority=\"high\" width=\"260\" height=\"185\" src=\"https:\/\/atevasl.com\/wp-content\/uploads\/2016\/08\/1404740295219_441_328_90-1-260x185.jpg\" class=\"wp-image-543 avia-img-lazy-loading-not-543 attachment-portfolio_small size-portfolio_small wp-post-image\" alt=\"Ateva\" \/><\/a><div class='grid-content'><div class='avia-arrow'><\/div><header class=\"entry-content-header\"><h3 class='grid-entry-title entry-title '  itemprop=\"headline\" ><a href='https:\/\/atevasl.com\/es\/productes\/grua-carolift-90\/' title='Carolift 90'>Carolift 90<\/a><\/h3><\/header><\/div><footer class=\"entry-footer\"><\/footer><\/article><\/div><div data-ajax-id='1070' class=' grid-entry flex_column isotope-item all_sort no_margin post-entry post-entry-1070 grid-entry-overview grid-loop-5 grid-parity-odd  acces-es_sort solucions-es_sort  av_one_fourth first default_av_fullwidth '><article class='main_color inner-entry'  itemscope=\"itemscope\" itemtype=\"https:\/\/schema.org\/CreativeWork\" ><a href=\"https:\/\/atevasl.com\/es\/productes\/carony-classic\/\" title='Carony Classic'  data-rel='grid-1' class='grid-image avia-hover-fx'> <img decoding=\"async\" fetchpriority=\"high\" width=\"260\" height=\"185\" src=\"https:\/\/atevasl.com\/wp-content\/uploads\/2016\/08\/autoadapt_IU_caronyclassic-0005-1-260x185.jpg\" class=\"wp-image-551 avia-img-lazy-loading-not-551 attachment-portfolio_small size-portfolio_small wp-post-image\" alt=\"Ateva\" \/><\/a><div class='grid-content'><div class='avia-arrow'><\/div><header class=\"entry-content-header\"><h3 class='grid-entry-title entry-title '  itemprop=\"headline\" ><a href='https:\/\/atevasl.com\/es\/productes\/carony-classic\/' title='Carony Classic'>Carony Classic<\/a><\/h3><\/header><\/div><footer class=\"entry-footer\"><\/footer><\/article><\/div><div data-ajax-id='1069' class=' grid-entry flex_column isotope-item all_sort no_margin post-entry post-entry-1069 grid-entry-overview grid-loop-6 grid-parity-even  solucions-es_sort varis-es_sort  av_one_fourth  default_av_fullwidth '><article class='main_color inner-entry'  itemscope=\"itemscope\" itemtype=\"https:\/\/schema.org\/CreativeWork\" ><a href=\"https:\/\/atevasl.com\/es\/productes\/carony-go\/\" title='Carony go'  data-rel='grid-1' class='grid-image avia-hover-fx'> <img decoding=\"async\" fetchpriority=\"high\" width=\"260\" height=\"185\" src=\"https:\/\/atevasl.com\/wp-content\/uploads\/2016\/08\/autoadapt_PR_carolift6900-0001-260x185.jpg\" class=\"wp-image-553 avia-img-lazy-loading-not-553 attachment-portfolio_small size-portfolio_small wp-post-image\" alt=\"Ateva\" \/><\/a><div class='grid-content'><div class='avia-arrow'><\/div><header class=\"entry-content-header\"><h3 class='grid-entry-title entry-title '  itemprop=\"headline\" ><a href='https:\/\/atevasl.com\/es\/productes\/carony-go\/' title='Carony go'>Carony go<\/a><\/h3><\/header><\/div><footer class=\"entry-footer\"><\/footer><\/article><\/div><div data-ajax-id='1064' class=' grid-entry flex_column isotope-item all_sort no_margin post-entry post-entry-1064 grid-entry-overview grid-loop-7 grid-parity-odd  acces-es_sort conduccio-es_sort solucions-es_sort  av_one_fourth  default_av_fullwidth '><article class='main_color inner-entry'  itemscope=\"itemscope\" itemtype=\"https:\/\/schema.org\/CreativeWork\" ><a href=\"https:\/\/atevasl.com\/es\/productes\/caroslide\/\" title='Caroslide'  data-rel='grid-1' class='grid-image avia-hover-fx'> <img decoding=\"async\" fetchpriority=\"high\" width=\"260\" height=\"185\" src=\"https:\/\/atevasl.com\/wp-content\/uploads\/2016\/08\/caroslide1-260x185.jpg\" class=\"wp-image-574 avia-img-lazy-loading-not-574 attachment-portfolio_small size-portfolio_small wp-post-image\" alt=\"Ateva\" \/><\/a><div class='grid-content'><div class='avia-arrow'><\/div><header class=\"entry-content-header\"><h3 class='grid-entry-title entry-title '  itemprop=\"headline\" ><a href='https:\/\/atevasl.com\/es\/productes\/caroslide\/' title='Caroslide'>Caroslide<\/a><\/h3><\/header><\/div><footer class=\"entry-footer\"><\/footer><\/article><\/div><div data-ajax-id='1543' class=' grid-entry flex_column isotope-item all_sort no_margin post-entry post-entry-1543 grid-entry-overview grid-loop-8 grid-parity-even  acces-es_sort solucions-es_sort  av_one_fourth  default_av_fullwidth '><article class='main_color inner-entry'  itemscope=\"itemscope\" itemtype=\"https:\/\/schema.org\/CreativeWork\" ><a href=\"https:\/\/atevasl.com\/es\/productes\/1540\/\" title='Cassette'  data-rel='grid-1' class='grid-image avia-hover-fx'> <img decoding=\"async\" fetchpriority=\"high\" width=\"260\" height=\"185\" src=\"https:\/\/atevasl.com\/wp-content\/uploads\/2017\/05\/1406027314468-260x185.jpg\" class=\"wp-image-1541 avia-img-lazy-loading-not-1541 attachment-portfolio_small size-portfolio_small wp-post-image\" alt=\"\" \/><\/a><div class='grid-content'><div class='avia-arrow'><\/div><header class=\"entry-content-header\"><h3 class='grid-entry-title entry-title '  itemprop=\"headline\" ><a href='https:\/\/atevasl.com\/es\/productes\/1540\/' title='Cassette'>Cassette<\/a><\/h3><\/header><\/div><footer class=\"entry-footer\"><\/footer><\/article><\/div><div data-ajax-id='1058' class=' grid-entry flex_column isotope-item all_sort no_margin post-entry post-entry-1058 grid-entry-overview grid-loop-9 grid-parity-odd  solucions-es_sort varis-es_sort  av_one_fourth first default_av_fullwidth '><article class='main_color inner-entry'  itemscope=\"itemscope\" itemtype=\"https:\/\/schema.org\/CreativeWork\" ><a href=\"https:\/\/atevasl.com\/es\/productes\/chair-topper\/\" title='Chair topper'  data-rel='grid-1' class='grid-image avia-hover-fx'> <img decoding=\"async\" fetchpriority=\"high\" width=\"260\" height=\"185\" src=\"https:\/\/atevasl.com\/wp-content\/uploads\/2016\/08\/autoadapt_IU_charitopper_turnyevo-0001-1-260x185.jpg\" class=\"wp-image-1254 avia-img-lazy-loading-not-1254 attachment-portfolio_small size-portfolio_small wp-post-image\" alt=\"Chair topper\" \/><\/a><div class='grid-content'><div class='avia-arrow'><\/div><header class=\"entry-content-header\"><h3 class='grid-entry-title entry-title '  itemprop=\"headline\" ><a href='https:\/\/atevasl.com\/es\/productes\/chair-topper\/' title='Chair topper'>Chair topper<\/a><\/h3><\/header><\/div><footer class=\"entry-footer\"><\/footer><\/article><\/div><div data-ajax-id='2038' class=' grid-entry flex_column isotope-item all_sort no_margin post-entry post-entry-2038 grid-entry-overview grid-loop-10 grid-parity-even  acces-es_sort solucions-es_sort  av_one_fourth  default_av_fullwidth '><article class='main_color inner-entry'  itemscope=\"itemscope\" itemtype=\"https:\/\/schema.org\/CreativeWork\" ><a href=\"https:\/\/atevasl.com\/es\/productes\/elevadores-acuaticos\/\" title='Elevadores Acu\u00e1ticos'  data-rel='grid-1' class='grid-image avia-hover-fx'> <img decoding=\"async\" fetchpriority=\"high\" width=\"260\" height=\"185\" src=\"https:\/\/atevasl.com\/wp-content\/uploads\/2021\/05\/elevadors_0000_B2-260x185.jpg\" class=\"wp-image-2022 avia-img-lazy-loading-not-2022 attachment-portfolio_small size-portfolio_small wp-post-image\" alt=\"\" \/><\/a><div class='grid-content'><div class='avia-arrow'><\/div><header class=\"entry-content-header\"><h3 class='grid-entry-title entry-title '  itemprop=\"headline\" ><a href='https:\/\/atevasl.com\/es\/productes\/elevadores-acuaticos\/' title='Elevadores Acu\u00e1ticos'>Elevadores Acu\u00e1ticos<\/a><\/h3><\/header><\/div><footer class=\"entry-footer\"><\/footer><\/article><\/div><div data-ajax-id='1840' class=' grid-entry flex_column isotope-item all_sort no_margin post-entry post-entry-1840 grid-entry-overview grid-loop-11 grid-parity-odd  solucions-es_sort varis-es_sort  av_one_fourth  default_av_fullwidth '><article class='main_color inner-entry'  itemscope=\"itemscope\" itemtype=\"https:\/\/schema.org\/CreativeWork\" ><a href=\"https:\/\/atevasl.com\/es\/productes\/grua-autoadapt\/\" title='Grua autoadapt'  data-rel='grid-1' class='grid-image avia-hover-fx'> <img decoding=\"async\" fetchpriority=\"high\" width=\"260\" height=\"185\" src=\"https:\/\/atevasl.com\/wp-content\/uploads\/2020\/07\/Joey-Lift-1-260x185.jpg\" class=\"wp-image-1837 avia-img-lazy-loading-not-1837 attachment-portfolio_small size-portfolio_small wp-post-image\" alt=\"\" \/><\/a><div class='grid-content'><div class='avia-arrow'><\/div><header class=\"entry-content-header\"><h3 class='grid-entry-title entry-title '  itemprop=\"headline\" ><a href='https:\/\/atevasl.com\/es\/productes\/grua-autoadapt\/' title='Grua autoadapt'>Grua autoadapt<\/a><\/h3><\/header><\/div><footer class=\"entry-footer\"><\/footer><\/article><\/div><div data-ajax-id='1853' class=' grid-entry flex_column isotope-item all_sort no_margin post-entry post-entry-1853 grid-entry-overview grid-loop-12 grid-parity-even  solucions-es_sort varis-es_sort  av_one_fourth  default_av_fullwidth '><article class='main_color inner-entry'  itemscope=\"itemscope\" itemtype=\"https:\/\/schema.org\/CreativeWork\" ><a href=\"https:\/\/atevasl.com\/es\/productes\/grua-autochair\/\" title='GRUA AUTOCHAIR'  data-rel='grid-1' class='grid-image avia-hover-fx'> <img decoding=\"async\" fetchpriority=\"high\" width=\"260\" height=\"185\" src=\"https:\/\/atevasl.com\/wp-content\/uploads\/2020\/07\/image-260x185.png\" class=\"wp-image-1843 avia-img-lazy-loading-not-1843 attachment-portfolio_small size-portfolio_small wp-post-image\" alt=\"\" \/><\/a><div class='grid-content'><div class='avia-arrow'><\/div><header class=\"entry-content-header\"><h3 class='grid-entry-title entry-title '  itemprop=\"headline\" ><a href='https:\/\/atevasl.com\/es\/productes\/grua-autochair\/' title='GRUA AUTOCHAIR'>GRUA AUTOCHAIR<\/a><\/h3><\/header><\/div><footer class=\"entry-footer\"><\/footer><\/article><\/div><div data-ajax-id='1552' class=' grid-entry flex_column isotope-item all_sort no_margin post-entry post-entry-1552 grid-entry-overview grid-loop-13 grid-parity-odd  acces-es_sort solucions-es_sort  av_one_fourth first default_av_fullwidth '><article class='main_color inner-entry'  itemscope=\"itemscope\" itemtype=\"https:\/\/schema.org\/CreativeWork\" ><a href=\"https:\/\/atevasl.com\/es\/productes\/gruas\/\" title='Gruas'  data-rel='grid-1' class='grid-image avia-hover-fx'> <img decoding=\"async\" fetchpriority=\"high\" width=\"260\" height=\"185\" src=\"https:\/\/atevasl.com\/wp-content\/uploads\/2017\/05\/1404829937140-260x185.jpg\" class=\"wp-image-1555 avia-img-lazy-loading-not-1555 attachment-portfolio_small size-portfolio_small wp-post-image\" alt=\"\" \/><\/a><div class='grid-content'><div class='avia-arrow'><\/div><header class=\"entry-content-header\"><h3 class='grid-entry-title entry-title '  itemprop=\"headline\" ><a href='https:\/\/atevasl.com\/es\/productes\/gruas\/' title='Gruas'>Gruas<\/a><\/h3><\/header><\/div><footer class=\"entry-footer\"><\/footer><\/article><\/div><div data-ajax-id='1068' class=' grid-entry flex_column isotope-item all_sort no_margin post-entry post-entry-1068 grid-entry-overview grid-loop-14 grid-parity-even  solucions-es_sort varis-es_sort  av_one_fourth  default_av_fullwidth '><article class='main_color inner-entry'  itemscope=\"itemscope\" itemtype=\"https:\/\/schema.org\/CreativeWork\" ><a href=\"https:\/\/atevasl.com\/es\/productes\/joey-lift\/\" title='Joey lift'  data-rel='grid-1' class='grid-image avia-hover-fx'> <img decoding=\"async\" fetchpriority=\"high\" width=\"260\" height=\"185\" src=\"https:\/\/atevasl.com\/wp-content\/uploads\/2016\/08\/140474492287_441_328_90-260x185.jpg\" class=\"wp-image-557 avia-img-lazy-loading-not-557 attachment-portfolio_small size-portfolio_small wp-post-image\" alt=\"Ateva\" \/><\/a><div class='grid-content'><div class='avia-arrow'><\/div><header class=\"entry-content-header\"><h3 class='grid-entry-title entry-title '  itemprop=\"headline\" ><a href='https:\/\/atevasl.com\/es\/productes\/joey-lift\/' title='Joey lift'>Joey lift<\/a><\/h3><\/header><\/div><footer class=\"entry-footer\"><\/footer><\/article><\/div><div data-ajax-id='1570' class=' grid-entry flex_column isotope-item all_sort no_margin post-entry post-entry-1570 grid-entry-overview grid-loop-15 grid-parity-odd  acces-es_sort solucions-es_sort  av_one_fourth  default_av_fullwidth '><article class='main_color inner-entry'  itemscope=\"itemscope\" itemtype=\"https:\/\/schema.org\/CreativeWork\" ><a href=\"https:\/\/atevasl.com\/es\/productes\/mesa-transferencia\/\" title='Mesa transferencia'  data-rel='grid-1' class='grid-image avia-hover-fx'> <img decoding=\"async\" fetchpriority=\"high\" width=\"260\" height=\"185\" src=\"https:\/\/atevasl.com\/wp-content\/uploads\/2017\/05\/RM205-MANUAL-TIP-UP-PLATE-FOLDABLE-3-260x185.jpg\" class=\"wp-image-1575 avia-img-lazy-loading-not-1575 attachment-portfolio_small size-portfolio_small wp-post-image\" alt=\"\" \/><\/a><div class='grid-content'><div class='avia-arrow'><\/div><header class=\"entry-content-header\"><h3 class='grid-entry-title entry-title '  itemprop=\"headline\" ><a href='https:\/\/atevasl.com\/es\/productes\/mesa-transferencia\/' title='Mesa transferencia'>Mesa transferencia<\/a><\/h3><\/header><\/div><footer class=\"entry-footer\"><\/footer><\/article><\/div><div data-ajax-id='1867' class=' grid-entry flex_column isotope-item all_sort no_margin post-entry post-entry-1867 grid-entry-overview grid-loop-16 grid-parity-even  post-entry-last  solucions-es_sort varis-es_sort  av_one_fourth  default_av_fullwidth '><article class='main_color inner-entry'  itemscope=\"itemscope\" itemtype=\"https:\/\/schema.org\/CreativeWork\" ><a href=\"https:\/\/atevasl.com\/es\/productes\/plataforma-braun\/\" title='Plataforma Braun'  data-rel='grid-1' class='grid-image avia-hover-fx'> <img decoding=\"async\" fetchpriority=\"high\" width=\"260\" height=\"185\" src=\"https:\/\/atevasl.com\/wp-content\/uploads\/2020\/07\/Serie-E-1-260x185.png\" class=\"wp-image-1860 avia-img-lazy-loading-not-1860 attachment-portfolio_small size-portfolio_small wp-post-image\" alt=\"\" \/><\/a><div class='grid-content'><div class='avia-arrow'><\/div><header class=\"entry-content-header\"><h3 class='grid-entry-title entry-title '  itemprop=\"headline\" ><a href='https:\/\/atevasl.com\/es\/productes\/plataforma-braun\/' title='Plataforma Braun'>Plataforma Braun<\/a><\/h3><\/header><\/div><footer class=\"entry-footer\"><\/footer><\/article><\/div><\/div><div class='pagination-wrap  '><nav class='pagination'><span class='pagination-meta'>P\u00e1gina 1 de 2<\/span><span class='current'>1<\/span><a href='https:\/\/atevasl.com\/es\/wp-json\/wp\/v2\/pages\/1009\/?avia-element-paging=2' class='inactive next_page' >2<\/a><\/nav>\n<\/div><\/div>\n","protected":false},"excerpt":{"rendered":"","protected":false},"author":2,"featured_media":0,"parent":1001,"menu_order":0,"comment_status":"closed","ping_status":"closed","template":"","meta":{"footnotes":""},"class_list":["post-1009","page","type-page","status-publish","hentry"],"yoast_head":"<!-- This site is optimized with the Yoast SEO plugin v26.9 - https:\/\/yoast.com\/product\/yoast-seo-wordpress\/ -->\n<title>Acceso - Ateva<\/title>\n<meta name=\"robots\" content=\"index, follow, max-snippet:-1, max-image-preview:large, max-video-preview:-1\" \/>\n<link rel=\"canonical\" href=\"https:\/\/atevasl.com\/es\/soluciones\/acceso\/\" \/>\n<meta property=\"og:locale\" content=\"es_ES\" \/>\n<meta property=\"og:type\" content=\"article\" \/>\n<meta property=\"og:title\" content=\"Acceso - Ateva\" \/>\n<meta property=\"og:url\" content=\"https:\/\/atevasl.com\/es\/soluciones\/acceso\/\" \/>\n<meta property=\"og:site_name\" content=\"Ateva\" \/>\n<meta property=\"article:modified_time\" content=\"2017-01-26T09:32:39+00:00\" \/>\n<meta name=\"twitter:card\" content=\"summary_large_image\" \/>\n<meta name=\"twitter:label1\" content=\"Tiempo de lectura\" \/>\n\t<meta name=\"twitter:data1\" content=\"1 minuto\" \/>\n<script type=\"application\/ld+json\" class=\"yoast-schema-graph\">{\"@context\":\"https:\/\/schema.org\",\"@graph\":[{\"@type\":\"WebPage\",\"@id\":\"https:\/\/atevasl.com\/es\/soluciones\/acceso\/\",\"url\":\"https:\/\/atevasl.com\/es\/soluciones\/acceso\/\",\"name\":\"Acceso - Ateva\",\"isPartOf\":{\"@id\":\"https:\/\/atevasl.com\/#website\"},\"datePublished\":\"2016-06-22T08:49:49+00:00\",\"dateModified\":\"2017-01-26T09:32:39+00:00\",\"breadcrumb\":{\"@id\":\"https:\/\/atevasl.com\/es\/soluciones\/acceso\/#breadcrumb\"},\"inLanguage\":\"es\",\"potentialAction\":[{\"@type\":\"ReadAction\",\"target\":[\"https:\/\/atevasl.com\/es\/soluciones\/acceso\/\"]}]},{\"@type\":\"BreadcrumbList\",\"@id\":\"https:\/\/atevasl.com\/es\/soluciones\/acceso\/#breadcrumb\",\"itemListElement\":[{\"@type\":\"ListItem\",\"position\":1,\"name\":\"Inici\",\"item\":\"https:\/\/atevasl.com\/es\/\"},{\"@type\":\"ListItem\",\"position\":2,\"name\":\"Soluciones\",\"item\":\"https:\/\/atevasl.com\/es\/soluciones\/\"},{\"@type\":\"ListItem\",\"position\":3,\"name\":\"Acceso\"}]},{\"@type\":\"WebSite\",\"@id\":\"https:\/\/atevasl.com\/#website\",\"url\":\"https:\/\/atevasl.com\/\",\"name\":\"Ateva\",\"description\":\"Adaptaciones t\u00e9cnicas de veh\u00edculos - Grup Olivan\",\"potentialAction\":[{\"@type\":\"SearchAction\",\"target\":{\"@type\":\"EntryPoint\",\"urlTemplate\":\"https:\/\/atevasl.com\/?s={search_term_string}\"},\"query-input\":{\"@type\":\"PropertyValueSpecification\",\"valueRequired\":true,\"valueName\":\"search_term_string\"}}],\"inLanguage\":\"es\"}]}<\/script>\n<!-- \/ Yoast SEO plugin. -->","yoast_head_json":{"title":"Acceso - Ateva","robots":{"index":"index","follow":"follow","max-snippet":"max-snippet:-1","max-image-preview":"max-image-preview:large","max-video-preview":"max-video-preview:-1"},"canonical":"https:\/\/atevasl.com\/es\/soluciones\/acceso\/","og_locale":"es_ES","og_type":"article","og_title":"Acceso - Ateva","og_url":"https:\/\/atevasl.com\/es\/soluciones\/acceso\/","og_site_name":"Ateva","article_modified_time":"2017-01-26T09:32:39+00:00","twitter_card":"summary_large_image","twitter_misc":{"Tiempo de lectura":"1 minuto"},"schema":{"@context":"https:\/\/schema.org","@graph":[{"@type":"WebPage","@id":"https:\/\/atevasl.com\/es\/soluciones\/acceso\/","url":"https:\/\/atevasl.com\/es\/soluciones\/acceso\/","name":"Acceso - Ateva","isPartOf":{"@id":"https:\/\/atevasl.com\/#website"},"datePublished":"2016-06-22T08:49:49+00:00","dateModified":"2017-01-26T09:32:39+00:00","breadcrumb":{"@id":"https:\/\/atevasl.com\/es\/soluciones\/acceso\/#breadcrumb"},"inLanguage":"es","potentialAction":[{"@type":"ReadAction","target":["https:\/\/atevasl.com\/es\/soluciones\/acceso\/"]}]},{"@type":"BreadcrumbList","@id":"https:\/\/atevasl.com\/es\/soluciones\/acceso\/#breadcrumb","itemListElement":[{"@type":"ListItem","position":1,"name":"Inici","item":"https:\/\/atevasl.com\/es\/"},{"@type":"ListItem","position":2,"name":"Soluciones","item":"https:\/\/atevasl.com\/es\/soluciones\/"},{"@type":"ListItem","position":3,"name":"Acceso"}]},{"@type":"WebSite","@id":"https:\/\/atevasl.com\/#website","url":"https:\/\/atevasl.com\/","name":"Ateva","description":"Adaptaciones t\u00e9cnicas de veh\u00edculos - Grup Olivan","potentialAction":[{"@type":"SearchAction","target":{"@type":"EntryPoint","urlTemplate":"https:\/\/atevasl.com\/?s={search_term_string}"},"query-input":{"@type":"PropertyValueSpecification","valueRequired":true,"valueName":"search_term_string"}}],"inLanguage":"es"}]}},"_links":{"self":[{"href":"https:\/\/atevasl.com\/es\/wp-json\/wp\/v2\/pages\/1009","targetHints":{"allow":["GET"]}}],"collection":[{"href":"https:\/\/atevasl.com\/es\/wp-json\/wp\/v2\/pages"}],"about":[{"href":"https:\/\/atevasl.com\/es\/wp-json\/wp\/v2\/types\/page"}],"author":[{"embeddable":true,"href":"https:\/\/atevasl.com\/es\/wp-json\/wp\/v2\/users\/2"}],"replies":[{"embeddable":true,"href":"https:\/\/atevasl.com\/es\/wp-json\/wp\/v2\/comments?post=1009"}],"version-history":[{"count":0,"href":"https:\/\/atevasl.com\/es\/wp-json\/wp\/v2\/pages\/1009\/revisions"}],"up":[{"embeddable":true,"href":"https:\/\/atevasl.com\/es\/wp-json\/wp\/v2\/pages\/1001"}],"wp:attachment":[{"href":"https:\/\/atevasl.com\/es\/wp-json\/wp\/v2\/media?parent=1009"}],"curies":[{"name":"wp","href":"https:\/\/api.w.org\/{rel}","templated":true}]}}