{"id":997,"date":"2016-06-22T10:48:22","date_gmt":"2016-06-22T08:48:22","guid":{"rendered":"https:\/\/atevasl.com\/site\/es\/post-venta\/"},"modified":"2017-01-26T12:07:43","modified_gmt":"2017-01-26T10:07:43","slug":"post-venta","status":"publish","type":"page","link":"https:\/\/atevasl.com\/es\/post-venta\/","title":{"rendered":"Post-venta"},"content":{"rendered":"\n<style type=\"text\/css\" data-created_by=\"avia_inline_auto\" id=\"style-css-av-av_one_full-6126cab7d8fab8d08143dd2dacdf673c\">\n.flex_column.av-av_one_full-6126cab7d8fab8d08143dd2dacdf673c{\nborder-radius:0px 0px 0px 0px;\npadding:0px 0px 0px 0px;\n}\n<\/style>\n<div  class='flex_column av-av_one_full-6126cab7d8fab8d08143dd2dacdf673c av_one_full  avia-builder-el-0  el_before_av_one_third  avia-builder-el-first  first flex_column_div av-zero-column-padding  '     ><article  class='iconbox iconbox_left av-av_icon_box-c21a393e5a1c13f338d235217cea02d8  avia-builder-el-1  avia-builder-el-no-sibling '  itemscope=\"itemscope\" itemtype=\"https:\/\/schema.org\/CreativeWork\" ><div class=\"iconbox_content\"><header class=\"entry-content-header\"><div class=\"iconbox_icon heading-color\" aria-hidden='true' data-av_icon='\ue855' data-av_iconfont='entypo-fontello'><\/div><h3 class='iconbox_content_title '  itemprop=\"headline\" >Post-venta<\/h3><\/header><div class='iconbox_content_container '  itemprop=\"text\" ><\/div><\/div><footer class=\"entry-footer\"><\/footer><\/article><\/div>\n\n<style type=\"text\/css\" data-created_by=\"avia_inline_auto\" id=\"style-css-av-av_one_third-19b5d602b9b3736a168df764a7dd521e\">\n.flex_column.av-av_one_third-19b5d602b9b3736a168df764a7dd521e{\nborder-radius:0px 0px 0px 0px;\npadding:0px 40px 0px 0px;\n}\n<\/style>\n<div  class='flex_column av-av_one_third-19b5d602b9b3736a168df764a7dd521e av_one_third  avia-builder-el-2  el_after_av_one_full  el_before_av_two_third  first no_margin flex_column_div  column-top-margin'     ><section  class='av_textblock_section av-av_textblock-0366cc7376be6c9e82a3e9cc8987b64f '   itemscope=\"itemscope\" itemtype=\"https:\/\/schema.org\/CreativeWork\" ><div class='avia_textblock'  itemprop=\"text\" ><div>\n<p style=\"text-align: justify;\">Las empresas evolucionan con el tiempo y se adaptan a las nuevas exigencias y necesidades del mercado.<\/p>\n<p style=\"text-align: justify;\">M\u00e1s que una orientaci\u00f3n a la venta, el marketing o en la investigaci\u00f3n de mercados, el futuro de la empresa debe orientarse a las relaciones con los clientes.<\/p>\n<p style=\"text-align: justify;\"><strong>Todo el proceso del Servicio Postventa debe ser mejorado continuamente, dando, la garant\u00eda de calidad que todas las empresas deben ofrecer<\/strong>.<\/p>\n<p style=\"text-align: justify;\">El criterio b\u00e1sico de calidad en la atenci\u00f3n al p\u00fablico, es siempre la satisfacci\u00f3n del cliente. Cuando las empresas plantean ofrecer un servicio de calidad de atenci\u00f3n al p\u00fablico, se plantean dar la mejor respuesta a las expectativas del cliente con el mayor servicio.<\/p>\n<\/div>\n<\/div><\/section><\/div>\n\n<style type=\"text\/css\" data-created_by=\"avia_inline_auto\" id=\"style-css-av-av_two_third-0aa7055fe62c3622faec82866afbaeb2\">\n.flex_column.av-av_two_third-0aa7055fe62c3622faec82866afbaeb2{\nborder-radius:0px 0px 0px 0px;\npadding:0px 0px 0px 0px;\n}\n<\/style>\n<div  class='flex_column av-av_two_third-0aa7055fe62c3622faec82866afbaeb2 av_two_third  avia-builder-el-4  el_after_av_one_third  avia-builder-el-last  no_margin flex_column_div av-zero-column-padding  column-top-margin'     ><style type=\"text\/css\" data-created_by=\"avia_inline_auto\" id=\"style-css-av-av_image-e6a253bb17db0329799d4f12ffe6dc20\">\n.avia-image-container.av-av_image-e6a253bb17db0329799d4f12ffe6dc20 img.avia_image{\nbox-shadow:none;\n}\n.avia-image-container.av-av_image-e6a253bb17db0329799d4f12ffe6dc20 .av-image-caption-overlay-center{\ncolor:#ffffff;\n}\n<\/style>\n<div  class='avia-image-container av-av_image-e6a253bb17db0329799d4f12ffe6dc20 av-styling- avia-align-center  avia-builder-el-5  avia-builder-el-no-sibling '   itemprop=\"image\" itemscope=\"itemscope\" itemtype=\"https:\/\/schema.org\/ImageObject\" ><div class=\"avia-image-container-inner\"><div class=\"avia-image-overlay-wrap\"><img decoding=\"async\" fetchpriority=\"high\" class='wp-image-465 avia-img-lazy-loading-not-465 avia_image ' src=\"https:\/\/atevasl.com\/wp-content\/uploads\/2016\/06\/ateva-post-venda.png\" alt='' title='ateva-post-venda'  height=\"613\" width=\"918\"  itemprop=\"thumbnailUrl\" srcset=\"https:\/\/atevasl.com\/wp-content\/uploads\/2016\/06\/ateva-post-venda.png 918w, https:\/\/atevasl.com\/wp-content\/uploads\/2016\/06\/ateva-post-venda-300x200.png 300w, https:\/\/atevasl.com\/wp-content\/uploads\/2016\/06\/ateva-post-venda-768x513.png 768w, https:\/\/atevasl.com\/wp-content\/uploads\/2016\/06\/ateva-post-venda-705x471.png 705w, https:\/\/atevasl.com\/wp-content\/uploads\/2016\/06\/ateva-post-venda-450x300.png 450w\" sizes=\"(max-width: 918px) 100vw, 918px\" \/><\/div><\/div><\/div><\/div>\n","protected":false},"excerpt":{"rendered":"","protected":false},"author":2,"featured_media":0,"parent":0,"menu_order":0,"comment_status":"closed","ping_status":"closed","template":"","meta":{"footnotes":""},"class_list":["post-997","page","type-page","status-publish","hentry"],"yoast_head":"<!-- This site is optimized with the Yoast SEO plugin v26.9 - https:\/\/yoast.com\/product\/yoast-seo-wordpress\/ -->\n<title>Post-venta - Ateva<\/title>\n<meta name=\"robots\" content=\"index, follow, max-snippet:-1, max-image-preview:large, max-video-preview:-1\" \/>\n<link rel=\"canonical\" href=\"https:\/\/atevasl.com\/es\/post-venta\/\" \/>\n<meta property=\"og:locale\" content=\"es_ES\" \/>\n<meta property=\"og:type\" content=\"article\" \/>\n<meta property=\"og:title\" content=\"Post-venta - Ateva\" \/>\n<meta property=\"og:url\" content=\"https:\/\/atevasl.com\/es\/post-venta\/\" \/>\n<meta property=\"og:site_name\" content=\"Ateva\" \/>\n<meta property=\"article:modified_time\" content=\"2017-01-26T10:07:43+00:00\" \/>\n<meta name=\"twitter:card\" content=\"summary_large_image\" \/>\n<meta name=\"twitter:label1\" content=\"Tiempo de lectura\" \/>\n\t<meta name=\"twitter:data1\" content=\"2 minutos\" \/>\n<script type=\"application\/ld+json\" class=\"yoast-schema-graph\">{\"@context\":\"https:\/\/schema.org\",\"@graph\":[{\"@type\":\"WebPage\",\"@id\":\"https:\/\/atevasl.com\/es\/post-venta\/\",\"url\":\"https:\/\/atevasl.com\/es\/post-venta\/\",\"name\":\"Post-venta - Ateva\",\"isPartOf\":{\"@id\":\"https:\/\/atevasl.com\/#website\"},\"datePublished\":\"2016-06-22T08:48:22+00:00\",\"dateModified\":\"2017-01-26T10:07:43+00:00\",\"breadcrumb\":{\"@id\":\"https:\/\/atevasl.com\/es\/post-venta\/#breadcrumb\"},\"inLanguage\":\"es\",\"potentialAction\":[{\"@type\":\"ReadAction\",\"target\":[\"https:\/\/atevasl.com\/es\/post-venta\/\"]}]},{\"@type\":\"BreadcrumbList\",\"@id\":\"https:\/\/atevasl.com\/es\/post-venta\/#breadcrumb\",\"itemListElement\":[{\"@type\":\"ListItem\",\"position\":1,\"name\":\"Inici\",\"item\":\"https:\/\/atevasl.com\/es\/\"},{\"@type\":\"ListItem\",\"position\":2,\"name\":\"Post-venta\"}]},{\"@type\":\"WebSite\",\"@id\":\"https:\/\/atevasl.com\/#website\",\"url\":\"https:\/\/atevasl.com\/\",\"name\":\"Ateva\",\"description\":\"Adaptaciones t\u00e9cnicas de veh\u00edculos - Grup Olivan\",\"potentialAction\":[{\"@type\":\"SearchAction\",\"target\":{\"@type\":\"EntryPoint\",\"urlTemplate\":\"https:\/\/atevasl.com\/?s={search_term_string}\"},\"query-input\":{\"@type\":\"PropertyValueSpecification\",\"valueRequired\":true,\"valueName\":\"search_term_string\"}}],\"inLanguage\":\"es\"}]}<\/script>\n<!-- \/ Yoast SEO plugin. -->","yoast_head_json":{"title":"Post-venta - Ateva","robots":{"index":"index","follow":"follow","max-snippet":"max-snippet:-1","max-image-preview":"max-image-preview:large","max-video-preview":"max-video-preview:-1"},"canonical":"https:\/\/atevasl.com\/es\/post-venta\/","og_locale":"es_ES","og_type":"article","og_title":"Post-venta - Ateva","og_url":"https:\/\/atevasl.com\/es\/post-venta\/","og_site_name":"Ateva","article_modified_time":"2017-01-26T10:07:43+00:00","twitter_card":"summary_large_image","twitter_misc":{"Tiempo de lectura":"2 minutos"},"schema":{"@context":"https:\/\/schema.org","@graph":[{"@type":"WebPage","@id":"https:\/\/atevasl.com\/es\/post-venta\/","url":"https:\/\/atevasl.com\/es\/post-venta\/","name":"Post-venta - Ateva","isPartOf":{"@id":"https:\/\/atevasl.com\/#website"},"datePublished":"2016-06-22T08:48:22+00:00","dateModified":"2017-01-26T10:07:43+00:00","breadcrumb":{"@id":"https:\/\/atevasl.com\/es\/post-venta\/#breadcrumb"},"inLanguage":"es","potentialAction":[{"@type":"ReadAction","target":["https:\/\/atevasl.com\/es\/post-venta\/"]}]},{"@type":"BreadcrumbList","@id":"https:\/\/atevasl.com\/es\/post-venta\/#breadcrumb","itemListElement":[{"@type":"ListItem","position":1,"name":"Inici","item":"https:\/\/atevasl.com\/es\/"},{"@type":"ListItem","position":2,"name":"Post-venta"}]},{"@type":"WebSite","@id":"https:\/\/atevasl.com\/#website","url":"https:\/\/atevasl.com\/","name":"Ateva","description":"Adaptaciones t\u00e9cnicas de veh\u00edculos - Grup Olivan","potentialAction":[{"@type":"SearchAction","target":{"@type":"EntryPoint","urlTemplate":"https:\/\/atevasl.com\/?s={search_term_string}"},"query-input":{"@type":"PropertyValueSpecification","valueRequired":true,"valueName":"search_term_string"}}],"inLanguage":"es"}]}},"_links":{"self":[{"href":"https:\/\/atevasl.com\/es\/wp-json\/wp\/v2\/pages\/997","targetHints":{"allow":["GET"]}}],"collection":[{"href":"https:\/\/atevasl.com\/es\/wp-json\/wp\/v2\/pages"}],"about":[{"href":"https:\/\/atevasl.com\/es\/wp-json\/wp\/v2\/types\/page"}],"author":[{"embeddable":true,"href":"https:\/\/atevasl.com\/es\/wp-json\/wp\/v2\/users\/2"}],"replies":[{"embeddable":true,"href":"https:\/\/atevasl.com\/es\/wp-json\/wp\/v2\/comments?post=997"}],"version-history":[{"count":0,"href":"https:\/\/atevasl.com\/es\/wp-json\/wp\/v2\/pages\/997\/revisions"}],"wp:attachment":[{"href":"https:\/\/atevasl.com\/es\/wp-json\/wp\/v2\/media?parent=997"}],"curies":[{"name":"wp","href":"https:\/\/api.w.org\/{rel}","templated":true}]}}